{"id":1005,"date":"2020-12-23T14:57:27","date_gmt":"2020-12-23T14:57:27","guid":{"rendered":"https:\/\/florianliermann.de\/?page_id=1005"},"modified":"2020-12-24T08:23:46","modified_gmt":"2020-12-24T08:23:46","slug":"kontaktformular","status":"publish","type":"page","link":"https:\/\/florianliermann.de\/index.php\/kontaktformular\/","title":{"rendered":"Kontaktformular"},"content":{"rendered":"\t\t<div data-elementor-type=\"wp-page\" data-elementor-id=\"1005\" class=\"elementor elementor-1005\">\n\t\t\t\t\t\t<section class=\"elementor-section elementor-top-section elementor-element elementor-element-318f4b1c elementor-section-boxed elementor-section-height-default elementor-section-height-default\" data-id=\"318f4b1c\" data-element_type=\"section\" data-e-type=\"section\">\n\t\t\t\t\t\t<div class=\"elementor-container elementor-column-gap-default\">\n\t\t\t\t\t<div class=\"elementor-column elementor-col-100 elementor-top-column elementor-element elementor-element-2247337c\" data-id=\"2247337c\" data-element_type=\"column\" data-e-type=\"column\">\n\t\t\t<div class=\"elementor-widget-wrap elementor-element-populated\">\n\t\t\t\t\t\t<div class=\"elementor-element elementor-element-63786dc4 elementor-widget elementor-widget-text-editor\" data-id=\"63786dc4\" data-element_type=\"widget\" data-e-type=\"widget\" data-widget_type=\"text-editor.default\">\n\t\t\t\t<div class=\"elementor-widget-container\">\n\t\t\t\t\t\t\t\t\t<p>Ich freue mich \u00fcber Eure Nachrichten! Schreibt mir gerne Feedback zu meinem Unterricht oder den H\u00f6rproben oder fragt gerne nach einem individuellen Angebot f\u00fcr Klaviermusik bei Hochzeiten oder anderen Events.<\/p>\t\t\t\t\t\t\t\t<\/div>\n\t\t\t\t<\/div>\n\t\t\t\t\t<\/div>\n\t\t<\/div>\n\t\t\t\t\t<\/div>\n\t\t<\/section>\n\t\t\t\t<section class=\"elementor-section elementor-top-section elementor-element elementor-element-81a755e elementor-section-boxed elementor-section-height-default elementor-section-height-default\" data-id=\"81a755e\" data-element_type=\"section\" data-e-type=\"section\">\n\t\t\t\t\t\t<div class=\"elementor-container elementor-column-gap-default\">\n\t\t\t\t\t<div class=\"elementor-column elementor-col-100 elementor-top-column elementor-element elementor-element-c743775\" data-id=\"c743775\" data-element_type=\"column\" data-e-type=\"column\">\n\t\t\t<div class=\"elementor-widget-wrap elementor-element-populated\">\n\t\t\t\t\t\t<div class=\"elementor-element elementor-element-2a790ad elementor-widget elementor-widget-wpforms\" data-id=\"2a790ad\" data-element_type=\"widget\" data-e-type=\"widget\" data-widget_type=\"wpforms.default\">\n\t\t\t\t<div class=\"elementor-widget-container\">\n\t\t\t\t\t<div class=\"wpforms-container wpforms-container-full\" id=\"wpforms-848\"><form id=\"wpforms-form-848\" class=\"wpforms-validate wpforms-form\" data-formid=\"848\" method=\"post\" enctype=\"multipart\/form-data\" action=\"\/index.php\/wp-json\/wp\/v2\/pages\/1005\" data-token=\"61df278ae3a2e84fabf69c970a6d1d1e\" data-token-time=\"1777025946\"><noscript class=\"wpforms-error-noscript\">Bitte aktiviere JavaScript in deinem Browser, um dieses Formular fertigzustellen.<\/noscript><div class=\"wpforms-field-container\"><div id=\"wpforms-848-field_4-container\" class=\"wpforms-field wpforms-field-name\" data-field-id=\"4\"><label class=\"wpforms-field-label\">Name <span class=\"wpforms-required-label\">*<\/span><\/label><div class=\"wpforms-field-row wpforms-field-medium\"><div class=\"wpforms-field-row-block wpforms-first wpforms-one-half\"><input type=\"text\" id=\"wpforms-848-field_4\" class=\"wpforms-field-name-first wpforms-field-required\" name=\"wpforms[fields][4][first]\" required><label for=\"wpforms-848-field_4\" class=\"wpforms-field-sublabel after\">Vorname<\/label><\/div><div class=\"wpforms-field-row-block wpforms-one-half\"><input type=\"text\" id=\"wpforms-848-field_4-last\" class=\"wpforms-field-name-last wpforms-field-required\" name=\"wpforms[fields][4][last]\" required><label for=\"wpforms-848-field_4-last\" class=\"wpforms-field-sublabel after\">Nachname<\/label><\/div><\/div><\/div><div id=\"wpforms-848-field_5-container\" class=\"wpforms-field wpforms-field-email\" data-field-id=\"5\"><label class=\"wpforms-field-label\" for=\"wpforms-848-field_5\">E-Mail <span class=\"wpforms-required-label\">*<\/span><\/label><input type=\"email\" id=\"wpforms-848-field_5\" class=\"wpforms-field-medium wpforms-field-required\" name=\"wpforms[fields][5]\" spellcheck=\"false\" required><\/div><div id=\"wpforms-848-field_6-container\" class=\"wpforms-field wpforms-field-textarea\" data-field-id=\"6\"><label class=\"wpforms-field-label\" for=\"wpforms-848-field_6\">Nachricht an mich:<\/label><textarea id=\"wpforms-848-field_6\" class=\"wpforms-field-medium\" name=\"wpforms[fields][6]\" ><\/textarea><\/div><div id=\"wpforms-848-field_3-container\" class=\"wpforms-field wpforms-field-checkbox\" data-field-id=\"3\"><label class=\"wpforms-field-label\">Datenschutz <span class=\"wpforms-required-label\">*<\/span><\/label><ul id=\"wpforms-848-field_3\" class=\"wpforms-field-required\"><li class=\"choice-1 depth-1 wpforms-selected\"><input type=\"checkbox\" id=\"wpforms-848-field_3_1\" name=\"wpforms[fields][3][]\" value=\"Ich stimme zu\" required  checked='checked'><label class=\"wpforms-field-label-inline\" for=\"wpforms-848-field_3_1\">Ich stimme zu<\/label><\/li><\/ul><div class=\"wpforms-field-description\">Ich habe die Datenschutzerkl\u00e4rung zur Kenntnis genommen. Ich stimme zu, dass meine Angaben und Daten zur Beantwortung meiner Anfrage elektronisch erhoben und gespeichert werden. Hinweis: Sie k\u00f6nnen Ihre Einwilligung jederzeit widerrufen.<\/div><\/div><\/div><!-- .wpforms-field-container --><div class=\"wpforms-field wpforms-field-hp\"><label for=\"wpforms-848-field-hp\" class=\"wpforms-field-label\">Phone<\/label><input type=\"text\" name=\"wpforms[hp]\" id=\"wpforms-848-field-hp\" class=\"wpforms-field-medium\"><\/div><div class=\"wpforms-submit-container\" ><input type=\"hidden\" name=\"wpforms[id]\" value=\"848\"><input type=\"hidden\" name=\"page_title\" value=\"\"><input type=\"hidden\" name=\"page_url\" value=\"https:\/\/florianliermann.de\/index.php\/wp-json\/wp\/v2\/pages\/1005\"><input type=\"hidden\" name=\"url_referer\" value=\"\"><button type=\"submit\" name=\"wpforms[submit]\" id=\"wpforms-submit-848\" class=\"wpforms-submit\" data-alt-text=\"Absenden\" data-submit-text=\"Absenden\" aria-live=\"assertive\" value=\"wpforms-submit\">Absenden<\/button><\/div><\/form><\/div>  <!-- .wpforms-container -->\t\t\t\t<\/div>\n\t\t\t\t<\/div>\n\t\t\t\t\t<\/div>\n\t\t<\/div>\n\t\t\t\t\t<\/div>\n\t\t<\/section>\n\t\t\t\t<\/div>\n\t\t","protected":false},"excerpt":{"rendered":"<p>Ich freue mich \u00fcber Eure Nachrichten! Schreibt mir gerne Feedback zu meinem Unterricht oder den H\u00f6rproben oder fragt gerne nach einem individuellen Angebot f\u00fcr Klaviermusik bei Hochzeiten oder anderen Events.<\/p>\n","protected":false},"author":1,"featured_media":0,"parent":0,"menu_order":0,"comment_status":"closed","ping_status":"closed","template":"elementor_header_footer","meta":{"ocean_post_layout":"","ocean_both_sidebars_style":"","ocean_both_sidebars_content_width":0,"ocean_both_sidebars_sidebars_width":0,"ocean_sidebar":"0","ocean_second_sidebar":"0","ocean_disable_margins":"enable","ocean_add_body_class":"","ocean_shortcode_before_top_bar":"","ocean_shortcode_after_top_bar":"","ocean_shortcode_before_header":"","ocean_shortcode_after_header":"","ocean_has_shortcode":"","ocean_shortcode_after_title":"","ocean_shortcode_before_footer_widgets":"","ocean_shortcode_after_footer_widgets":"","ocean_shortcode_before_footer_bottom":"","ocean_shortcode_after_footer_bottom":"","ocean_display_top_bar":"default","ocean_display_header":"default","ocean_header_style":"","ocean_center_header_left_menu":"0","ocean_custom_header_template":"0","ocean_custom_logo":0,"ocean_custom_retina_logo":0,"ocean_custom_logo_max_width":0,"ocean_custom_logo_tablet_max_width":0,"ocean_custom_logo_mobile_max_width":0,"ocean_custom_logo_max_height":0,"ocean_custom_logo_tablet_max_height":0,"ocean_custom_logo_mobile_max_height":0,"ocean_header_custom_menu":"0","ocean_menu_typo_font_family":"0","ocean_menu_typo_font_subset":"","ocean_menu_typo_font_size":0,"ocean_menu_typo_font_size_tablet":0,"ocean_menu_typo_font_size_mobile":0,"ocean_menu_typo_font_size_unit":"px","ocean_menu_typo_font_weight":"","ocean_menu_typo_font_weight_tablet":"","ocean_menu_typo_font_weight_mobile":"","ocean_menu_typo_transform":"","ocean_menu_typo_transform_tablet":"","ocean_menu_typo_transform_mobile":"","ocean_menu_typo_line_height":0,"ocean_menu_typo_line_height_tablet":0,"ocean_menu_typo_line_height_mobile":0,"ocean_menu_typo_line_height_unit":"","ocean_menu_typo_spacing":0,"ocean_menu_typo_spacing_tablet":0,"ocean_menu_typo_spacing_mobile":0,"ocean_menu_typo_spacing_unit":"","ocean_menu_link_color":"","ocean_menu_link_color_hover":"","ocean_menu_link_color_active":"","ocean_menu_link_background":"","ocean_menu_link_hover_background":"","ocean_menu_link_active_background":"","ocean_menu_social_links_bg":"","ocean_menu_social_hover_links_bg":"","ocean_menu_social_links_color":"","ocean_menu_social_hover_links_color":"","ocean_disable_title":"default","ocean_disable_heading":"default","ocean_post_title":"","ocean_post_subheading":"","ocean_post_title_style":"","ocean_post_title_background_color":"","ocean_post_title_background":0,"ocean_post_title_bg_image_position":"","ocean_post_title_bg_image_attachment":"","ocean_post_title_bg_image_repeat":"","ocean_post_title_bg_image_size":"","ocean_post_title_height":0,"ocean_post_title_bg_overlay":0.5,"ocean_post_title_bg_overlay_color":"","ocean_disable_breadcrumbs":"default","ocean_breadcrumbs_color":"","ocean_breadcrumbs_separator_color":"","ocean_breadcrumbs_links_color":"","ocean_breadcrumbs_links_hover_color":"","ocean_display_footer_widgets":"default","ocean_display_footer_bottom":"default","ocean_custom_footer_template":"0","footnotes":""},"class_list":["post-1005","page","type-page","status-publish","hentry","entry"],"yoast_head":"<!-- This site is optimized with the Yoast SEO plugin v27.4 - https:\/\/yoast.com\/product\/yoast-seo-wordpress\/ -->\n<title>Kontaktformular - Florian Liermann - Pianist\/Songwriter aus Essen-Stadtwald<\/title>\n<meta name=\"robots\" content=\"index, follow, max-snippet:-1, max-image-preview:large, max-video-preview:-1\" \/>\n<link rel=\"canonical\" href=\"https:\/\/florianliermann.de\/index.php\/kontaktformular\/\" \/>\n<meta property=\"og:locale\" content=\"de_DE\" \/>\n<meta property=\"og:type\" content=\"article\" \/>\n<meta property=\"og:title\" content=\"Kontaktformular - Florian Liermann - Pianist\/Songwriter aus Essen-Stadtwald\" \/>\n<meta property=\"og:description\" content=\"Ich freue mich \u00fcber Eure Nachrichten! Schreibt mir gerne Feedback zu meinem Unterricht oder den H\u00f6rproben oder fragt gerne nach einem individuellen Angebot f\u00fcr Klaviermusik bei Hochzeiten oder anderen Events.\" \/>\n<meta property=\"og:url\" content=\"https:\/\/florianliermann.de\/index.php\/kontaktformular\/\" \/>\n<meta property=\"og:site_name\" content=\"Florian Liermann - Pianist\/Songwriter aus Essen-Stadtwald\" \/>\n<meta property=\"article:modified_time\" content=\"2020-12-24T08:23:46+00:00\" \/>\n<meta name=\"twitter:card\" content=\"summary_large_image\" \/>\n<script type=\"application\/ld+json\" class=\"yoast-schema-graph\">{\"@context\":\"https:\\\/\\\/schema.org\",\"@graph\":[{\"@type\":\"WebPage\",\"@id\":\"https:\\\/\\\/florianliermann.de\\\/index.php\\\/kontaktformular\\\/\",\"url\":\"https:\\\/\\\/florianliermann.de\\\/index.php\\\/kontaktformular\\\/\",\"name\":\"Kontaktformular - Florian Liermann - Pianist\\\/Songwriter aus Essen-Stadtwald\",\"isPartOf\":{\"@id\":\"https:\\\/\\\/florianliermann.de\\\/#website\"},\"datePublished\":\"2020-12-23T14:57:27+00:00\",\"dateModified\":\"2020-12-24T08:23:46+00:00\",\"breadcrumb\":{\"@id\":\"https:\\\/\\\/florianliermann.de\\\/index.php\\\/kontaktformular\\\/#breadcrumb\"},\"inLanguage\":\"de\",\"potentialAction\":[{\"@type\":\"ReadAction\",\"target\":[\"https:\\\/\\\/florianliermann.de\\\/index.php\\\/kontaktformular\\\/\"]}]},{\"@type\":\"BreadcrumbList\",\"@id\":\"https:\\\/\\\/florianliermann.de\\\/index.php\\\/kontaktformular\\\/#breadcrumb\",\"itemListElement\":[{\"@type\":\"ListItem\",\"position\":1,\"name\":\"Home\",\"item\":\"https:\\\/\\\/florianliermann.de\\\/\"},{\"@type\":\"ListItem\",\"position\":2,\"name\":\"Kontaktformular\"}]},{\"@type\":\"WebSite\",\"@id\":\"https:\\\/\\\/florianliermann.de\\\/#website\",\"url\":\"https:\\\/\\\/florianliermann.de\\\/\",\"name\":\"Florian Liermann - Pianist\\\/Songwriter aus Essen-Stadtwald\",\"description\":\"\",\"publisher\":{\"@id\":\"https:\\\/\\\/florianliermann.de\\\/#organization\"},\"potentialAction\":[{\"@type\":\"SearchAction\",\"target\":{\"@type\":\"EntryPoint\",\"urlTemplate\":\"https:\\\/\\\/florianliermann.de\\\/?s={search_term_string}\"},\"query-input\":{\"@type\":\"PropertyValueSpecification\",\"valueRequired\":true,\"valueName\":\"search_term_string\"}}],\"inLanguage\":\"de\"},{\"@type\":\"Organization\",\"@id\":\"https:\\\/\\\/florianliermann.de\\\/#organization\",\"name\":\"Florian Liermann - Pianist\\\/Songwriter aus Essen-Stadtwald\",\"url\":\"https:\\\/\\\/florianliermann.de\\\/\",\"logo\":{\"@type\":\"ImageObject\",\"inLanguage\":\"de\",\"@id\":\"https:\\\/\\\/florianliermann.de\\\/#\\\/schema\\\/logo\\\/image\\\/\",\"url\":\"https:\\\/\\\/florianliermann.de\\\/wp-content\\\/uploads\\\/2020\\\/12\\\/cropped-logo-flo.png\",\"contentUrl\":\"https:\\\/\\\/florianliermann.de\\\/wp-content\\\/uploads\\\/2020\\\/12\\\/cropped-logo-flo.png\",\"width\":824,\"height\":473,\"caption\":\"Florian Liermann - Pianist\\\/Songwriter aus Essen-Stadtwald\"},\"image\":{\"@id\":\"https:\\\/\\\/florianliermann.de\\\/#\\\/schema\\\/logo\\\/image\\\/\"}}]}<\/script>\n<!-- \/ Yoast SEO plugin. -->","yoast_head_json":{"title":"Kontaktformular - Florian Liermann - Pianist\/Songwriter aus Essen-Stadtwald","robots":{"index":"index","follow":"follow","max-snippet":"max-snippet:-1","max-image-preview":"max-image-preview:large","max-video-preview":"max-video-preview:-1"},"canonical":"https:\/\/florianliermann.de\/index.php\/kontaktformular\/","og_locale":"de_DE","og_type":"article","og_title":"Kontaktformular - Florian Liermann - Pianist\/Songwriter aus Essen-Stadtwald","og_description":"Ich freue mich \u00fcber Eure Nachrichten! Schreibt mir gerne Feedback zu meinem Unterricht oder den H\u00f6rproben oder fragt gerne nach einem individuellen Angebot f\u00fcr Klaviermusik bei Hochzeiten oder anderen Events.","og_url":"https:\/\/florianliermann.de\/index.php\/kontaktformular\/","og_site_name":"Florian Liermann - Pianist\/Songwriter aus Essen-Stadtwald","article_modified_time":"2020-12-24T08:23:46+00:00","twitter_card":"summary_large_image","schema":{"@context":"https:\/\/schema.org","@graph":[{"@type":"WebPage","@id":"https:\/\/florianliermann.de\/index.php\/kontaktformular\/","url":"https:\/\/florianliermann.de\/index.php\/kontaktformular\/","name":"Kontaktformular - Florian Liermann - Pianist\/Songwriter aus Essen-Stadtwald","isPartOf":{"@id":"https:\/\/florianliermann.de\/#website"},"datePublished":"2020-12-23T14:57:27+00:00","dateModified":"2020-12-24T08:23:46+00:00","breadcrumb":{"@id":"https:\/\/florianliermann.de\/index.php\/kontaktformular\/#breadcrumb"},"inLanguage":"de","potentialAction":[{"@type":"ReadAction","target":["https:\/\/florianliermann.de\/index.php\/kontaktformular\/"]}]},{"@type":"BreadcrumbList","@id":"https:\/\/florianliermann.de\/index.php\/kontaktformular\/#breadcrumb","itemListElement":[{"@type":"ListItem","position":1,"name":"Home","item":"https:\/\/florianliermann.de\/"},{"@type":"ListItem","position":2,"name":"Kontaktformular"}]},{"@type":"WebSite","@id":"https:\/\/florianliermann.de\/#website","url":"https:\/\/florianliermann.de\/","name":"Florian Liermann - Pianist\/Songwriter aus Essen-Stadtwald","description":"","publisher":{"@id":"https:\/\/florianliermann.de\/#organization"},"potentialAction":[{"@type":"SearchAction","target":{"@type":"EntryPoint","urlTemplate":"https:\/\/florianliermann.de\/?s={search_term_string}"},"query-input":{"@type":"PropertyValueSpecification","valueRequired":true,"valueName":"search_term_string"}}],"inLanguage":"de"},{"@type":"Organization","@id":"https:\/\/florianliermann.de\/#organization","name":"Florian Liermann - Pianist\/Songwriter aus Essen-Stadtwald","url":"https:\/\/florianliermann.de\/","logo":{"@type":"ImageObject","inLanguage":"de","@id":"https:\/\/florianliermann.de\/#\/schema\/logo\/image\/","url":"https:\/\/florianliermann.de\/wp-content\/uploads\/2020\/12\/cropped-logo-flo.png","contentUrl":"https:\/\/florianliermann.de\/wp-content\/uploads\/2020\/12\/cropped-logo-flo.png","width":824,"height":473,"caption":"Florian Liermann - Pianist\/Songwriter aus Essen-Stadtwald"},"image":{"@id":"https:\/\/florianliermann.de\/#\/schema\/logo\/image\/"}}]}},"_links":{"self":[{"href":"https:\/\/florianliermann.de\/index.php\/wp-json\/wp\/v2\/pages\/1005","targetHints":{"allow":["GET"]}}],"collection":[{"href":"https:\/\/florianliermann.de\/index.php\/wp-json\/wp\/v2\/pages"}],"about":[{"href":"https:\/\/florianliermann.de\/index.php\/wp-json\/wp\/v2\/types\/page"}],"author":[{"embeddable":true,"href":"https:\/\/florianliermann.de\/index.php\/wp-json\/wp\/v2\/users\/1"}],"replies":[{"embeddable":true,"href":"https:\/\/florianliermann.de\/index.php\/wp-json\/wp\/v2\/comments?post=1005"}],"version-history":[{"count":10,"href":"https:\/\/florianliermann.de\/index.php\/wp-json\/wp\/v2\/pages\/1005\/revisions"}],"predecessor-version":[{"id":1123,"href":"https:\/\/florianliermann.de\/index.php\/wp-json\/wp\/v2\/pages\/1005\/revisions\/1123"}],"wp:attachment":[{"href":"https:\/\/florianliermann.de\/index.php\/wp-json\/wp\/v2\/media?parent=1005"}],"curies":[{"name":"wp","href":"https:\/\/api.w.org\/{rel}","templated":true}]}}