{"id":1138,"date":"2021-01-05T14:29:54","date_gmt":"2021-01-05T14:29:54","guid":{"rendered":"https:\/\/florianliermann.de\/?page_id=1138"},"modified":"2021-05-25T17:53:29","modified_gmt":"2021-05-25T17:53:29","slug":"feedback","status":"publish","type":"page","link":"https:\/\/florianliermann.de\/index.php\/feedback\/","title":{"rendered":"Feedback"},"content":{"rendered":"\t\t<div data-elementor-type=\"wp-page\" data-elementor-id=\"1138\" class=\"elementor elementor-1138\">\n\t\t\t\t\t\t<section class=\"elementor-section elementor-top-section elementor-element elementor-element-26cf0057 elementor-section-boxed elementor-section-height-default elementor-section-height-default\" data-id=\"26cf0057\" data-element_type=\"section\" data-e-type=\"section\">\n\t\t\t\t\t\t<div class=\"elementor-container elementor-column-gap-default\">\n\t\t\t\t\t<div class=\"elementor-column elementor-col-100 elementor-top-column elementor-element elementor-element-532711a6\" data-id=\"532711a6\" data-element_type=\"column\" data-e-type=\"column\">\n\t\t\t<div class=\"elementor-widget-wrap elementor-element-populated\">\n\t\t\t\t\t\t<div class=\"elementor-element elementor-element-405d0f17 elementor-widget elementor-widget-text-editor\" data-id=\"405d0f17\" data-element_type=\"widget\" data-e-type=\"widget\" data-widget_type=\"text-editor.default\">\n\t\t\t\t<div class=\"elementor-widget-container\">\n\t\t\t\t\t\t\t\t\t<strong>Burkard B.<\/strong> schrieb am 5. Januar 2021\r\n\r\n&#8222;Hallo Florian,\r\nich wollte Dir mal zum neuen Jahr ein Kompliment machen.\r\nMeine Jungs sind absolut angetan von Deinem Klavierunterricht.\r\nDas war bei dem alten Lehrer leider nicht der Fall.\r\nSie haben jetzt so einen Spa\u00df am Klavierspielen und freuen sich schon, wenn es jetzt im Januar weitergeht.\r\nAlso vielen Dank an der Stelle.&#8220;\r\n\r\n<hr \/>\r\n\r\n&nbsp;\t\t\t\t\t\t\t\t<\/div>\n\t\t\t\t<\/div>\n\t\t\t\t\t<\/div>\n\t\t<\/div>\n\t\t\t\t\t<\/div>\n\t\t<\/section>\n\t\t\t\t<section class=\"elementor-section elementor-top-section elementor-element elementor-element-589547b elementor-section-boxed elementor-section-height-default elementor-section-height-default\" data-id=\"589547b\" data-element_type=\"section\" data-e-type=\"section\">\n\t\t\t\t\t\t<div class=\"elementor-container elementor-column-gap-default\">\n\t\t\t\t\t<div class=\"elementor-column elementor-col-100 elementor-top-column elementor-element elementor-element-b9c09f0\" data-id=\"b9c09f0\" data-element_type=\"column\" data-e-type=\"column\">\n\t\t\t<div class=\"elementor-widget-wrap elementor-element-populated\">\n\t\t\t\t\t\t<div class=\"elementor-element elementor-element-cb22545 elementor-widget elementor-widget-text-editor\" data-id=\"cb22545\" data-element_type=\"widget\" data-e-type=\"widget\" data-widget_type=\"text-editor.default\">\n\t\t\t\t<div class=\"elementor-widget-container\">\n\t\t\t\t\t\t\t\t\t<p><span style=\"color: #000000;\"><strong>Sonja W.<\/strong> schrieb am 21. Mai 2021 \u201eHallo Florian, <\/span><span style=\"color: #000000;\">mal wieder ist eine Stunde bei Dir rum und Till ist immer noch begeistert dabei. Deine Art ihm das Spielen n\u00e4her zu bringen ist gro\u00dfartig und immer seinem Lerntempo angepasst. Alle Songw\u00fcnsche werden erf\u00fcllt und wenn es mal &#8222;noch zu schwierig&#8220; ist bekommst du es so erkl\u00e4rt, dass es am Ende gut klingt. Die Terminabsprachen sind sehr flexibel und du versuchst alles m\u00f6glich zu machen und h\u00e4ltst absolut zuverl\u00e4ssig die Termine ein. Vielen Dank und weiter so!&#8220;<\/span><\/p>\t\t\t\t\t\t\t\t<\/div>\n\t\t\t\t<\/div>\n\t\t\t\t\t<\/div>\n\t\t<\/div>\n\t\t\t\t\t<\/div>\n\t\t<\/section>\n\t\t\t\t<\/div>\n\t\t","protected":false},"excerpt":{"rendered":"<p>Burkard B. schrieb am 5. Januar 2021 &#8222;Hallo Florian, ich wollte Dir mal zum neuen Jahr ein Kompliment machen. Meine Jungs sind absolut angetan von Deinem Klavierunterricht. Das war bei dem alten Lehrer leider nicht der Fall. Sie haben jetzt so einen Spa\u00df am Klavierspielen und freuen sich schon, wenn es jetzt im Januar weitergeht. [&hellip;]<\/p>\n","protected":false},"author":1,"featured_media":0,"parent":0,"menu_order":0,"comment_status":"closed","ping_status":"closed","template":"","meta":{"ocean_post_layout":"","ocean_both_sidebars_style":"","ocean_both_sidebars_content_width":0,"ocean_both_sidebars_sidebars_width":0,"ocean_sidebar":"0","ocean_second_sidebar":"0","ocean_disable_margins":"enable","ocean_add_body_class":"","ocean_shortcode_before_top_bar":"","ocean_shortcode_after_top_bar":"","ocean_shortcode_before_header":"","ocean_shortcode_after_header":"","ocean_has_shortcode":"","ocean_shortcode_after_title":"","ocean_shortcode_before_footer_widgets":"","ocean_shortcode_after_footer_widgets":"","ocean_shortcode_before_footer_bottom":"","ocean_shortcode_after_footer_bottom":"","ocean_display_top_bar":"default","ocean_display_header":"default","ocean_header_style":"","ocean_center_header_left_menu":"0","ocean_custom_header_template":"0","ocean_custom_logo":0,"ocean_custom_retina_logo":0,"ocean_custom_logo_max_width":0,"ocean_custom_logo_tablet_max_width":0,"ocean_custom_logo_mobile_max_width":0,"ocean_custom_logo_max_height":0,"ocean_custom_logo_tablet_max_height":0,"ocean_custom_logo_mobile_max_height":0,"ocean_header_custom_menu":"0","ocean_menu_typo_font_family":"0","ocean_menu_typo_font_subset":"","ocean_menu_typo_font_size":0,"ocean_menu_typo_font_size_tablet":0,"ocean_menu_typo_font_size_mobile":0,"ocean_menu_typo_font_size_unit":"px","ocean_menu_typo_font_weight":"","ocean_menu_typo_font_weight_tablet":"","ocean_menu_typo_font_weight_mobile":"","ocean_menu_typo_transform":"","ocean_menu_typo_transform_tablet":"","ocean_menu_typo_transform_mobile":"","ocean_menu_typo_line_height":0,"ocean_menu_typo_line_height_tablet":0,"ocean_menu_typo_line_height_mobile":0,"ocean_menu_typo_line_height_unit":"","ocean_menu_typo_spacing":0,"ocean_menu_typo_spacing_tablet":0,"ocean_menu_typo_spacing_mobile":0,"ocean_menu_typo_spacing_unit":"","ocean_menu_link_color":"","ocean_menu_link_color_hover":"","ocean_menu_link_color_active":"","ocean_menu_link_background":"","ocean_menu_link_hover_background":"","ocean_menu_link_active_background":"","ocean_menu_social_links_bg":"","ocean_menu_social_hover_links_bg":"","ocean_menu_social_links_color":"","ocean_menu_social_hover_links_color":"","ocean_disable_title":"default","ocean_disable_heading":"default","ocean_post_title":"","ocean_post_subheading":"","ocean_post_title_style":"","ocean_post_title_background_color":"","ocean_post_title_background":0,"ocean_post_title_bg_image_position":"","ocean_post_title_bg_image_attachment":"","ocean_post_title_bg_image_repeat":"","ocean_post_title_bg_image_size":"","ocean_post_title_height":0,"ocean_post_title_bg_overlay":0.5,"ocean_post_title_bg_overlay_color":"","ocean_disable_breadcrumbs":"default","ocean_breadcrumbs_color":"","ocean_breadcrumbs_separator_color":"","ocean_breadcrumbs_links_color":"","ocean_breadcrumbs_links_hover_color":"","ocean_display_footer_widgets":"default","ocean_display_footer_bottom":"default","ocean_custom_footer_template":"0","footnotes":""},"class_list":["post-1138","page","type-page","status-publish","hentry","entry"],"yoast_head":"<!-- This site is optimized with the Yoast SEO plugin v27.4 - https:\/\/yoast.com\/product\/yoast-seo-wordpress\/ -->\n<title>Feedback - Florian Liermann - Pianist\/Songwriter aus Essen-Stadtwald<\/title>\n<meta name=\"robots\" content=\"index, follow, max-snippet:-1, max-image-preview:large, max-video-preview:-1\" \/>\n<link rel=\"canonical\" href=\"https:\/\/florianliermann.de\/index.php\/feedback\/\" \/>\n<meta property=\"og:locale\" content=\"de_DE\" \/>\n<meta property=\"og:type\" content=\"article\" \/>\n<meta property=\"og:title\" content=\"Feedback - Florian Liermann - Pianist\/Songwriter aus Essen-Stadtwald\" \/>\n<meta property=\"og:description\" content=\"Burkard B. schrieb am 5. Januar 2021 &#8222;Hallo Florian, ich wollte Dir mal zum neuen Jahr ein Kompliment machen. Meine Jungs sind absolut angetan von Deinem Klavierunterricht. Das war bei dem alten Lehrer leider nicht der Fall. Sie haben jetzt so einen Spa\u00df am Klavierspielen und freuen sich schon, wenn es jetzt im Januar weitergeht. [&hellip;]\" \/>\n<meta property=\"og:url\" content=\"https:\/\/florianliermann.de\/index.php\/feedback\/\" \/>\n<meta property=\"og:site_name\" content=\"Florian Liermann - Pianist\/Songwriter aus Essen-Stadtwald\" \/>\n<meta property=\"article:modified_time\" content=\"2021-05-25T17:53:29+00:00\" \/>\n<meta name=\"twitter:card\" content=\"summary_large_image\" \/>\n<meta name=\"twitter:label1\" content=\"Gesch\u00e4tzte Lesezeit\" \/>\n\t<meta name=\"twitter:data1\" content=\"1\u00a0Minute\" \/>\n<script type=\"application\/ld+json\" class=\"yoast-schema-graph\">{\"@context\":\"https:\\\/\\\/schema.org\",\"@graph\":[{\"@type\":\"WebPage\",\"@id\":\"https:\\\/\\\/florianliermann.de\\\/index.php\\\/feedback\\\/\",\"url\":\"https:\\\/\\\/florianliermann.de\\\/index.php\\\/feedback\\\/\",\"name\":\"Feedback - Florian Liermann - Pianist\\\/Songwriter aus Essen-Stadtwald\",\"isPartOf\":{\"@id\":\"https:\\\/\\\/florianliermann.de\\\/#website\"},\"datePublished\":\"2021-01-05T14:29:54+00:00\",\"dateModified\":\"2021-05-25T17:53:29+00:00\",\"breadcrumb\":{\"@id\":\"https:\\\/\\\/florianliermann.de\\\/index.php\\\/feedback\\\/#breadcrumb\"},\"inLanguage\":\"de\",\"potentialAction\":[{\"@type\":\"ReadAction\",\"target\":[\"https:\\\/\\\/florianliermann.de\\\/index.php\\\/feedback\\\/\"]}]},{\"@type\":\"BreadcrumbList\",\"@id\":\"https:\\\/\\\/florianliermann.de\\\/index.php\\\/feedback\\\/#breadcrumb\",\"itemListElement\":[{\"@type\":\"ListItem\",\"position\":1,\"name\":\"Home\",\"item\":\"https:\\\/\\\/florianliermann.de\\\/\"},{\"@type\":\"ListItem\",\"position\":2,\"name\":\"Feedback\"}]},{\"@type\":\"WebSite\",\"@id\":\"https:\\\/\\\/florianliermann.de\\\/#website\",\"url\":\"https:\\\/\\\/florianliermann.de\\\/\",\"name\":\"Florian Liermann - Pianist\\\/Songwriter aus Essen-Stadtwald\",\"description\":\"\",\"publisher\":{\"@id\":\"https:\\\/\\\/florianliermann.de\\\/#organization\"},\"potentialAction\":[{\"@type\":\"SearchAction\",\"target\":{\"@type\":\"EntryPoint\",\"urlTemplate\":\"https:\\\/\\\/florianliermann.de\\\/?s={search_term_string}\"},\"query-input\":{\"@type\":\"PropertyValueSpecification\",\"valueRequired\":true,\"valueName\":\"search_term_string\"}}],\"inLanguage\":\"de\"},{\"@type\":\"Organization\",\"@id\":\"https:\\\/\\\/florianliermann.de\\\/#organization\",\"name\":\"Florian Liermann - Pianist\\\/Songwriter aus Essen-Stadtwald\",\"url\":\"https:\\\/\\\/florianliermann.de\\\/\",\"logo\":{\"@type\":\"ImageObject\",\"inLanguage\":\"de\",\"@id\":\"https:\\\/\\\/florianliermann.de\\\/#\\\/schema\\\/logo\\\/image\\\/\",\"url\":\"https:\\\/\\\/florianliermann.de\\\/wp-content\\\/uploads\\\/2020\\\/12\\\/cropped-logo-flo.png\",\"contentUrl\":\"https:\\\/\\\/florianliermann.de\\\/wp-content\\\/uploads\\\/2020\\\/12\\\/cropped-logo-flo.png\",\"width\":824,\"height\":473,\"caption\":\"Florian Liermann - Pianist\\\/Songwriter aus Essen-Stadtwald\"},\"image\":{\"@id\":\"https:\\\/\\\/florianliermann.de\\\/#\\\/schema\\\/logo\\\/image\\\/\"}}]}<\/script>\n<!-- \/ Yoast SEO plugin. -->","yoast_head_json":{"title":"Feedback - Florian Liermann - Pianist\/Songwriter aus Essen-Stadtwald","robots":{"index":"index","follow":"follow","max-snippet":"max-snippet:-1","max-image-preview":"max-image-preview:large","max-video-preview":"max-video-preview:-1"},"canonical":"https:\/\/florianliermann.de\/index.php\/feedback\/","og_locale":"de_DE","og_type":"article","og_title":"Feedback - Florian Liermann - Pianist\/Songwriter aus Essen-Stadtwald","og_description":"Burkard B. schrieb am 5. Januar 2021 &#8222;Hallo Florian, ich wollte Dir mal zum neuen Jahr ein Kompliment machen. Meine Jungs sind absolut angetan von Deinem Klavierunterricht. Das war bei dem alten Lehrer leider nicht der Fall. Sie haben jetzt so einen Spa\u00df am Klavierspielen und freuen sich schon, wenn es jetzt im Januar weitergeht. [&hellip;]","og_url":"https:\/\/florianliermann.de\/index.php\/feedback\/","og_site_name":"Florian Liermann - Pianist\/Songwriter aus Essen-Stadtwald","article_modified_time":"2021-05-25T17:53:29+00:00","twitter_card":"summary_large_image","twitter_misc":{"Gesch\u00e4tzte Lesezeit":"1\u00a0Minute"},"schema":{"@context":"https:\/\/schema.org","@graph":[{"@type":"WebPage","@id":"https:\/\/florianliermann.de\/index.php\/feedback\/","url":"https:\/\/florianliermann.de\/index.php\/feedback\/","name":"Feedback - Florian Liermann - Pianist\/Songwriter aus Essen-Stadtwald","isPartOf":{"@id":"https:\/\/florianliermann.de\/#website"},"datePublished":"2021-01-05T14:29:54+00:00","dateModified":"2021-05-25T17:53:29+00:00","breadcrumb":{"@id":"https:\/\/florianliermann.de\/index.php\/feedback\/#breadcrumb"},"inLanguage":"de","potentialAction":[{"@type":"ReadAction","target":["https:\/\/florianliermann.de\/index.php\/feedback\/"]}]},{"@type":"BreadcrumbList","@id":"https:\/\/florianliermann.de\/index.php\/feedback\/#breadcrumb","itemListElement":[{"@type":"ListItem","position":1,"name":"Home","item":"https:\/\/florianliermann.de\/"},{"@type":"ListItem","position":2,"name":"Feedback"}]},{"@type":"WebSite","@id":"https:\/\/florianliermann.de\/#website","url":"https:\/\/florianliermann.de\/","name":"Florian Liermann - Pianist\/Songwriter aus Essen-Stadtwald","description":"","publisher":{"@id":"https:\/\/florianliermann.de\/#organization"},"potentialAction":[{"@type":"SearchAction","target":{"@type":"EntryPoint","urlTemplate":"https:\/\/florianliermann.de\/?s={search_term_string}"},"query-input":{"@type":"PropertyValueSpecification","valueRequired":true,"valueName":"search_term_string"}}],"inLanguage":"de"},{"@type":"Organization","@id":"https:\/\/florianliermann.de\/#organization","name":"Florian Liermann - Pianist\/Songwriter aus Essen-Stadtwald","url":"https:\/\/florianliermann.de\/","logo":{"@type":"ImageObject","inLanguage":"de","@id":"https:\/\/florianliermann.de\/#\/schema\/logo\/image\/","url":"https:\/\/florianliermann.de\/wp-content\/uploads\/2020\/12\/cropped-logo-flo.png","contentUrl":"https:\/\/florianliermann.de\/wp-content\/uploads\/2020\/12\/cropped-logo-flo.png","width":824,"height":473,"caption":"Florian Liermann - Pianist\/Songwriter aus Essen-Stadtwald"},"image":{"@id":"https:\/\/florianliermann.de\/#\/schema\/logo\/image\/"}}]}},"_links":{"self":[{"href":"https:\/\/florianliermann.de\/index.php\/wp-json\/wp\/v2\/pages\/1138","targetHints":{"allow":["GET"]}}],"collection":[{"href":"https:\/\/florianliermann.de\/index.php\/wp-json\/wp\/v2\/pages"}],"about":[{"href":"https:\/\/florianliermann.de\/index.php\/wp-json\/wp\/v2\/types\/page"}],"author":[{"embeddable":true,"href":"https:\/\/florianliermann.de\/index.php\/wp-json\/wp\/v2\/users\/1"}],"replies":[{"embeddable":true,"href":"https:\/\/florianliermann.de\/index.php\/wp-json\/wp\/v2\/comments?post=1138"}],"version-history":[{"count":7,"href":"https:\/\/florianliermann.de\/index.php\/wp-json\/wp\/v2\/pages\/1138\/revisions"}],"predecessor-version":[{"id":1526,"href":"https:\/\/florianliermann.de\/index.php\/wp-json\/wp\/v2\/pages\/1138\/revisions\/1526"}],"wp:attachment":[{"href":"https:\/\/florianliermann.de\/index.php\/wp-json\/wp\/v2\/media?parent=1138"}],"curies":[{"name":"wp","href":"https:\/\/api.w.org\/{rel}","templated":true}]}}