{"id":355,"date":"2016-09-24T14:40:14","date_gmt":"2016-09-24T14:40:14","guid":{"rendered":"http:\/\/fitness2.mythemecloud.io\/?page_id=355"},"modified":"2026-01-19T15:11:14","modified_gmt":"2026-01-19T15:11:14","slug":"home","status":"publish","type":"page","link":"https:\/\/florianliermann.de\/","title":{"rendered":"Home"},"content":{"rendered":"\t\t<div data-elementor-type=\"wp-page\" data-elementor-id=\"355\" class=\"elementor elementor-355\">\n\t\t\t\t\t\t<section class=\"elementor-section elementor-top-section elementor-element elementor-element-61396604 elementor-section-boxed elementor-section-height-default elementor-section-height-default\" data-id=\"61396604\" data-element_type=\"section\" data-e-type=\"section\" data-settings=\"{&quot;background_background&quot;:&quot;classic&quot;}\">\n\t\t\t\t\t\t<div class=\"elementor-container elementor-column-gap-default\">\n\t\t\t\t\t<div class=\"elementor-column elementor-col-100 elementor-top-column elementor-element elementor-element-1982e197\" data-id=\"1982e197\" data-element_type=\"column\" data-e-type=\"column\">\n\t\t\t<div class=\"elementor-widget-wrap elementor-element-populated\">\n\t\t\t\t\t\t<div class=\"elementor-element elementor-element-3c0bb334 elementor-widget elementor-widget-heading\" data-id=\"3c0bb334\" data-element_type=\"widget\" data-e-type=\"widget\" data-widget_type=\"heading.default\">\n\t\t\t\t<div class=\"elementor-widget-container\">\n\t\t\t\t\t<h1 class=\"elementor-heading-title elementor-size-large\">Stilvolle Klaviermusik <\/h1>\t\t\t\t<\/div>\n\t\t\t\t<\/div>\n\t\t\t\t<div class=\"elementor-element elementor-element-52e9ea69 elementor-widget elementor-widget-text-editor\" data-id=\"52e9ea69\" data-element_type=\"widget\" data-e-type=\"widget\" data-widget_type=\"text-editor.default\">\n\t\t\t\t<div class=\"elementor-widget-container\">\n\t\t\t\t\t\t\t\t\t<p><b>F\u00fcr Hochzeiten, Sektempfang, Dinner<br \/>und andere Feierlichkeiten<\/b><\/p>\t\t\t\t\t\t\t\t<\/div>\n\t\t\t\t<\/div>\n\t\t\t\t\t<\/div>\n\t\t<\/div>\n\t\t\t\t\t<\/div>\n\t\t<\/section>\n\t\t\t\t<section class=\"elementor-section elementor-top-section elementor-element elementor-element-769c7a1a elementor-section-boxed elementor-section-height-default elementor-section-height-default\" data-id=\"769c7a1a\" data-element_type=\"section\" data-e-type=\"section\" data-settings=\"{&quot;background_background&quot;:&quot;classic&quot;}\">\n\t\t\t\t\t\t<div class=\"elementor-container elementor-column-gap-default\">\n\t\t\t\t\t<div class=\"elementor-column elementor-col-100 elementor-top-column elementor-element elementor-element-1c70def9\" data-id=\"1c70def9\" data-element_type=\"column\" data-e-type=\"column\">\n\t\t\t<div class=\"elementor-widget-wrap elementor-element-populated\">\n\t\t\t\t\t\t<div class=\"elementor-element elementor-element-a1bdeb2 elementor-widget elementor-widget-image\" data-id=\"a1bdeb2\" data-element_type=\"widget\" data-e-type=\"widget\" data-widget_type=\"image.default\">\n\t\t\t\t<div class=\"elementor-widget-container\">\n\t\t\t\t\t\t\t\t\t\t\t\t\t\t\t<img fetchpriority=\"high\" decoding=\"async\" width=\"683\" height=\"1024\" src=\"https:\/\/florianliermann.de\/wp-content\/uploads\/2021\/08\/IMG-20210824-WA0000-683x1024.jpg\" class=\"attachment-large size-large wp-image-1528\" alt=\"\" srcset=\"https:\/\/florianliermann.de\/wp-content\/uploads\/2021\/08\/IMG-20210824-WA0000-683x1024.jpg 683w, https:\/\/florianliermann.de\/wp-content\/uploads\/2021\/08\/IMG-20210824-WA0000-200x300.jpg 200w, https:\/\/florianliermann.de\/wp-content\/uploads\/2021\/08\/IMG-20210824-WA0000.jpg 724w\" sizes=\"(max-width: 683px) 100vw, 683px\" \/>\t\t\t\t\t\t\t\t\t\t\t\t\t\t\t<\/div>\n\t\t\t\t<\/div>\n\t\t\t\t<div class=\"elementor-element elementor-element-6b075a83 elementor-widget elementor-widget-heading\" data-id=\"6b075a83\" data-element_type=\"widget\" data-e-type=\"widget\" data-widget_type=\"heading.default\">\n\t\t\t\t<div class=\"elementor-widget-container\">\n\t\t\t\t\t<h3 class=\"elementor-heading-title elementor-size-large\">Sucht Ihr einen Pianisten f\u00fcr Euer Event? <br> Ich spiele solo oder in Begleitung einer S\u00e4ngerin\n\n<\/h3>\t\t\t\t<\/div>\n\t\t\t\t<\/div>\n\t\t\t\t<div class=\"elementor-element elementor-element-1b3e915d elementor-view-default elementor-widget elementor-widget-icon\" data-id=\"1b3e915d\" data-element_type=\"widget\" data-e-type=\"widget\" data-widget_type=\"icon.default\">\n\t\t\t\t<div class=\"elementor-widget-container\">\n\t\t\t\t\t\t\t<div class=\"elementor-icon-wrapper\">\n\t\t\t<div class=\"elementor-icon\">\n\t\t\t\t\t\t\t<i class=\"fa fa-check-circle\" aria-hidden=\"true\"><\/i>\n\t\t\t\t\t\t<\/div>\n\t\t<\/div>\n\t\t\t\t\t\t<\/div>\n\t\t\t\t<\/div>\n\t\t\t\t\t<\/div>\n\t\t<\/div>\n\t\t\t\t\t<\/div>\n\t\t<\/section>\n\t\t\t\t<section class=\"elementor-section elementor-top-section elementor-element elementor-element-5c383ec5 elementor-section-content-middle elementor-section-boxed elementor-section-height-default elementor-section-height-default\" data-id=\"5c383ec5\" data-element_type=\"section\" data-e-type=\"section\">\n\t\t\t\t\t\t<div class=\"elementor-container elementor-column-gap-default\">\n\t\t\t\t\t<div class=\"elementor-column elementor-col-50 elementor-top-column elementor-element elementor-element-3bd54515\" data-id=\"3bd54515\" data-element_type=\"column\" data-e-type=\"column\">\n\t\t\t<div class=\"elementor-widget-wrap elementor-element-populated\">\n\t\t\t\t\t\t<div class=\"elementor-element elementor-element-2a18fcfd elementor-widget elementor-widget-heading\" data-id=\"2a18fcfd\" data-element_type=\"widget\" data-e-type=\"widget\" data-widget_type=\"heading.default\">\n\t\t\t\t<div class=\"elementor-widget-container\">\n\t\t\t\t\t<h3 class=\"elementor-heading-title elementor-size-large\">Florian Liermann:<br>Klaviermusik f\u00fcr Eure Hochzeit <\/h3>\t\t\t\t<\/div>\n\t\t\t\t<\/div>\n\t\t\t\t<div class=\"elementor-element elementor-element-567798e1 elementor-widget elementor-widget-text-editor\" data-id=\"567798e1\" data-element_type=\"widget\" data-e-type=\"widget\" data-widget_type=\"text-editor.default\">\n\t\t\t\t<div class=\"elementor-widget-container\">\n\t\t\t\t\t\t\t\t\t<p>Ihr k\u00f6nnt mich als Pianisten f\u00fcr Eure Veranstaltung (Hochzeit, Dinner, private Feier, Vernissage, Firmen-Event, Weihnachtsfeier) solo oder zusammen mit einer S\u00e4ngerin buchen.<\/p>\t\t\t\t\t\t\t\t<\/div>\n\t\t\t\t<\/div>\n\t\t\t\t\t<\/div>\n\t\t<\/div>\n\t\t\t\t<div class=\"elementor-column elementor-col-50 elementor-top-column elementor-element elementor-element-76eebacb\" data-id=\"76eebacb\" data-element_type=\"column\" data-e-type=\"column\">\n\t\t\t<div class=\"elementor-widget-wrap elementor-element-populated\">\n\t\t\t\t\t\t<div class=\"elementor-element elementor-element-6baf0058 elementor-widget elementor-widget-image\" data-id=\"6baf0058\" data-element_type=\"widget\" data-e-type=\"widget\" data-widget_type=\"image.default\">\n\t\t\t\t<div class=\"elementor-widget-container\">\n\t\t\t\t\t\t\t\t\t\t\t\t\t\t\t<img decoding=\"async\" width=\"1086\" height=\"724\" src=\"https:\/\/florianliermann.de\/wp-content\/uploads\/2021\/08\/IMG-20210824-WA0001.jpg\" class=\"attachment-full size-full wp-image-1529\" alt=\"\" srcset=\"https:\/\/florianliermann.de\/wp-content\/uploads\/2021\/08\/IMG-20210824-WA0001.jpg 1086w, https:\/\/florianliermann.de\/wp-content\/uploads\/2021\/08\/IMG-20210824-WA0001-300x200.jpg 300w, https:\/\/florianliermann.de\/wp-content\/uploads\/2021\/08\/IMG-20210824-WA0001-1024x683.jpg 1024w, https:\/\/florianliermann.de\/wp-content\/uploads\/2021\/08\/IMG-20210824-WA0001-768x512.jpg 768w\" sizes=\"(max-width: 1086px) 100vw, 1086px\" \/>\t\t\t\t\t\t\t\t\t\t\t\t\t\t\t<\/div>\n\t\t\t\t<\/div>\n\t\t\t\t\t<\/div>\n\t\t<\/div>\n\t\t\t\t\t<\/div>\n\t\t<\/section>\n\t\t\t\t<section class=\"elementor-section elementor-top-section elementor-element elementor-element-64aa6ab9 elementor-section-content-middle elementor-reverse-mobile elementor-section-boxed elementor-section-height-default elementor-section-height-default\" data-id=\"64aa6ab9\" data-element_type=\"section\" data-e-type=\"section\">\n\t\t\t\t\t\t<div class=\"elementor-container elementor-column-gap-default\">\n\t\t\t\t\t<div class=\"elementor-column elementor-col-50 elementor-top-column elementor-element elementor-element-1f3a5497\" data-id=\"1f3a5497\" data-element_type=\"column\" data-e-type=\"column\">\n\t\t\t<div class=\"elementor-widget-wrap elementor-element-populated\">\n\t\t\t\t\t\t<div class=\"elementor-element elementor-element-78c1457d elementor-widget elementor-widget-image\" data-id=\"78c1457d\" data-element_type=\"widget\" data-e-type=\"widget\" data-widget_type=\"image.default\">\n\t\t\t\t<div class=\"elementor-widget-container\">\n\t\t\t\t\t\t\t\t\t\t\t\t\t\t\t<img decoding=\"async\" width=\"1000\" height=\"725\" src=\"https:\/\/florianliermann.de\/wp-content\/uploads\/2020\/12\/flo_klavier2.jpg\" class=\"attachment-full size-full wp-image-879\" alt=\"\" srcset=\"https:\/\/florianliermann.de\/wp-content\/uploads\/2020\/12\/flo_klavier2.jpg 1000w, https:\/\/florianliermann.de\/wp-content\/uploads\/2020\/12\/flo_klavier2-300x218.jpg 300w, https:\/\/florianliermann.de\/wp-content\/uploads\/2020\/12\/flo_klavier2-768x557.jpg 768w\" sizes=\"(max-width: 1000px) 100vw, 1000px\" \/>\t\t\t\t\t\t\t\t\t\t\t\t\t\t\t<\/div>\n\t\t\t\t<\/div>\n\t\t\t\t\t<\/div>\n\t\t<\/div>\n\t\t\t\t<div class=\"elementor-column elementor-col-50 elementor-top-column elementor-element elementor-element-8e94c2d\" data-id=\"8e94c2d\" data-element_type=\"column\" data-e-type=\"column\">\n\t\t\t<div class=\"elementor-widget-wrap elementor-element-populated\">\n\t\t\t\t\t\t\t<\/div>\n\t\t<\/div>\n\t\t\t\t\t<\/div>\n\t\t<\/section>\n\t\t\t\t<section class=\"elementor-section elementor-top-section elementor-element elementor-element-77204807 elementor-section-content-middle elementor-section-boxed elementor-section-height-default elementor-section-height-default\" data-id=\"77204807\" data-element_type=\"section\" data-e-type=\"section\" data-settings=\"{&quot;background_background&quot;:&quot;classic&quot;}\">\n\t\t\t\t\t\t<div class=\"elementor-container elementor-column-gap-default\">\n\t\t\t\t\t<div class=\"elementor-column elementor-col-50 elementor-top-column elementor-element elementor-element-302175d5\" data-id=\"302175d5\" data-element_type=\"column\" data-e-type=\"column\">\n\t\t\t<div class=\"elementor-widget-wrap elementor-element-populated\">\n\t\t\t\t\t\t<div class=\"elementor-element elementor-element-2cddb426 elementor-widget elementor-widget-heading\" data-id=\"2cddb426\" data-element_type=\"widget\" data-e-type=\"widget\" data-widget_type=\"heading.default\">\n\t\t\t\t<div class=\"elementor-widget-container\">\n\t\t\t\t\t<h3 class=\"elementor-heading-title elementor-size-large\">Umfangreiches Repertoire<\/h3>\t\t\t\t<\/div>\n\t\t\t\t<\/div>\n\t\t\t\t<div class=\"elementor-element elementor-element-158afacc elementor-widget elementor-widget-text-editor\" data-id=\"158afacc\" data-element_type=\"widget\" data-e-type=\"widget\" data-widget_type=\"text-editor.default\">\n\t\t\t\t<div class=\"elementor-widget-container\">\n\t\t\t\t\t\t\t\t\t<p>Mein Repertoire als Solo Pianist umfasst zeitlose Piano-Klassiker aus Blues und Pop, Balladen und Evergreens.<\/p><p>Ich freue mich auf Eure Anfrage!<\/p><p>\u00a0<\/p><p>Florian Liermann<br \/><span style=\"font-size: 15px;\">Telefon:\u00a0<\/span><span style=\"color: #4a4a4a; font-family: 'Roboto Slab'; font-size: 15px; font-style: normal; font-variant-ligatures: normal; font-variant-caps: normal; font-weight: 400;\">01578 \/9080730<\/span><span style=\"font-size: 15px;\"><br \/><\/span><span style=\"font-size: 15px;\">Mail: florian.liermann@web.de\u00a0<\/span><\/p><p>\u00a0<\/p>\t\t\t\t\t\t\t\t<\/div>\n\t\t\t\t<\/div>\n\t\t\t\t<div class=\"elementor-element elementor-element-c63b511 elementor-align-center elementor-widget elementor-widget-button\" data-id=\"c63b511\" data-element_type=\"widget\" data-e-type=\"widget\" data-widget_type=\"button.default\">\n\t\t\t\t<div class=\"elementor-widget-container\">\n\t\t\t\t\t\t\t\t\t<div class=\"elementor-button-wrapper\">\n\t\t\t\t\t<a class=\"elementor-button elementor-button-link elementor-size-sm\" href=\"https:\/\/florianliermann.de\/index.php\/kontaktformular\/\">\n\t\t\t\t\t\t<span class=\"elementor-button-content-wrapper\">\n\t\t\t\t\t\t\t\t\t<span class=\"elementor-button-text\">Jetzt freien Termin sichern!<\/span>\n\t\t\t\t\t<\/span>\n\t\t\t\t\t<\/a>\n\t\t\t\t<\/div>\n\t\t\t\t\t\t\t\t<\/div>\n\t\t\t\t<\/div>\n\t\t\t\t\t<\/div>\n\t\t<\/div>\n\t\t\t\t<div class=\"elementor-column elementor-col-50 elementor-top-column elementor-element elementor-element-3f49f737\" data-id=\"3f49f737\" data-element_type=\"column\" data-e-type=\"column\">\n\t\t\t<div class=\"elementor-widget-wrap elementor-element-populated\">\n\t\t\t\t\t\t\t<\/div>\n\t\t<\/div>\n\t\t\t\t\t<\/div>\n\t\t<\/section>\n\t\t\t\t<section class=\"elementor-section elementor-top-section elementor-element elementor-element-521a297 elementor-section-boxed elementor-section-height-default elementor-section-height-default\" data-id=\"521a297\" data-element_type=\"section\" data-e-type=\"section\">\n\t\t\t\t\t\t<div class=\"elementor-container elementor-column-gap-default\">\n\t\t\t\t\t\t<\/div>\n\t\t<\/section>\n\t\t\t\t<\/div>\n\t\t","protected":false},"excerpt":{"rendered":"<p>Stilvolle Klaviermusik F\u00fcr Hochzeiten, Sektempfang, Dinner und andere Feierlichkeiten Sucht Ihr einen Pianisten f\u00fcr Euer Event? Ich spiele solo oder in Begleitung einer S\u00e4ngerin Florian Liermann: Klaviermusik f\u00fcr Eure Hochzeit Ihr k\u00f6nnt mich als Pianisten f\u00fcr Eure Veranstaltung (Hochzeit, Dinner, private Feier, Vernissage, Firmen-Event, Weihnachtsfeier) solo oder zusammen mit einer S\u00e4ngerin buchen. Umfangreiches Repertoire Mein [&hellip;]<\/p>\n","protected":false},"author":1,"featured_media":0,"parent":0,"menu_order":0,"comment_status":"closed","ping_status":"closed","template":"","meta":{"ocean_post_layout":"full-screen","ocean_both_sidebars_style":"","ocean_both_sidebars_content_width":0,"ocean_both_sidebars_sidebars_width":0,"ocean_sidebar":"0","ocean_second_sidebar":"0","ocean_disable_margins":"on","ocean_add_body_class":"","ocean_shortcode_before_top_bar":"","ocean_shortcode_after_top_bar":"","ocean_shortcode_before_header":"","ocean_shortcode_after_header":"","ocean_has_shortcode":"","ocean_shortcode_after_title":"","ocean_shortcode_before_footer_widgets":"","ocean_shortcode_after_footer_widgets":"","ocean_shortcode_before_footer_bottom":"","ocean_shortcode_after_footer_bottom":"","ocean_display_top_bar":"default","ocean_display_header":"default","ocean_header_style":"","ocean_center_header_left_menu":"0","ocean_custom_header_template":"0","ocean_custom_logo":0,"ocean_custom_retina_logo":0,"ocean_custom_logo_max_width":0,"ocean_custom_logo_tablet_max_width":0,"ocean_custom_logo_mobile_max_width":0,"ocean_custom_logo_max_height":0,"ocean_custom_logo_tablet_max_height":0,"ocean_custom_logo_mobile_max_height":0,"ocean_header_custom_menu":"0","ocean_menu_typo_font_family":"0","ocean_menu_typo_font_subset":"","ocean_menu_typo_font_size":0,"ocean_menu_typo_font_size_tablet":0,"ocean_menu_typo_font_size_mobile":0,"ocean_menu_typo_font_size_unit":"px","ocean_menu_typo_font_weight":"","ocean_menu_typo_font_weight_tablet":"","ocean_menu_typo_font_weight_mobile":"","ocean_menu_typo_transform":"","ocean_menu_typo_transform_tablet":"","ocean_menu_typo_transform_mobile":"","ocean_menu_typo_line_height":0,"ocean_menu_typo_line_height_tablet":0,"ocean_menu_typo_line_height_mobile":0,"ocean_menu_typo_line_height_unit":"","ocean_menu_typo_spacing":0,"ocean_menu_typo_spacing_tablet":0,"ocean_menu_typo_spacing_mobile":0,"ocean_menu_typo_spacing_unit":"","ocean_menu_link_color":"","ocean_menu_link_color_hover":"","ocean_menu_link_color_active":"","ocean_menu_link_background":"","ocean_menu_link_hover_background":"","ocean_menu_link_active_background":"","ocean_menu_social_links_bg":"","ocean_menu_social_hover_links_bg":"","ocean_menu_social_links_color":"","ocean_menu_social_hover_links_color":"","ocean_disable_title":"on","ocean_disable_heading":"default","ocean_post_title":"","ocean_post_subheading":"","ocean_post_title_style":"","ocean_post_title_background_color":"","ocean_post_title_background":0,"ocean_post_title_bg_image_position":"","ocean_post_title_bg_image_attachment":"","ocean_post_title_bg_image_repeat":"","ocean_post_title_bg_image_size":"","ocean_post_title_height":0,"ocean_post_title_bg_overlay":0.5,"ocean_post_title_bg_overlay_color":"","ocean_disable_breadcrumbs":"default","ocean_breadcrumbs_color":"","ocean_breadcrumbs_separator_color":"","ocean_breadcrumbs_links_color":"","ocean_breadcrumbs_links_hover_color":"","ocean_display_footer_widgets":"default","ocean_display_footer_bottom":"default","ocean_custom_footer_template":"0","footnotes":""},"class_list":["post-355","page","type-page","status-publish","hentry","entry"],"yoast_head":"<!-- This site is optimized with the Yoast SEO plugin v27.4 - https:\/\/yoast.com\/product\/yoast-seo-wordpress\/ -->\n<title>Home - Florian Liermann - Pianist\/Songwriter aus Essen-Stadtwald %<\/title>\n<meta name=\"description\" content=\"Mein Name ist Florian Liermann und ich bin Klavierlehrer aus Essen-Stadtwald in Modern, Jazz und Blues-Improvisation. Zudem k\u00f6nnt ihr mich als Pianist f\u00fcr eure Hochzeit buchen\" \/>\n<meta name=\"robots\" content=\"index, follow, max-snippet:-1, max-image-preview:large, max-video-preview:-1\" \/>\n<link rel=\"canonical\" href=\"https:\/\/florianliermann.de\/\" \/>\n<meta property=\"og:locale\" content=\"de_DE\" \/>\n<meta property=\"og:type\" content=\"article\" \/>\n<meta property=\"og:title\" content=\"Home - Florian Liermann - Pianist\/Songwriter aus Essen-Stadtwald %\" \/>\n<meta property=\"og:description\" content=\"Mein Name ist Florian Liermann und ich bin Klavierlehrer aus Essen-Stadtwald in Modern, Jazz und Blues-Improvisation. Zudem k\u00f6nnt ihr mich als Pianist f\u00fcr eure Hochzeit buchen\" \/>\n<meta property=\"og:url\" content=\"https:\/\/florianliermann.de\/\" \/>\n<meta property=\"og:site_name\" content=\"Florian Liermann - Pianist\/Songwriter aus Essen-Stadtwald\" \/>\n<meta property=\"article:modified_time\" content=\"2026-01-19T15:11:14+00:00\" \/>\n<meta property=\"og:image\" content=\"https:\/\/florianliermann.de\/wp-content\/uploads\/2021\/08\/IMG-20210824-WA0000-683x1024.jpg\" \/>\n<meta name=\"twitter:card\" content=\"summary_large_image\" \/>\n<meta name=\"twitter:label1\" content=\"Gesch\u00e4tzte Lesezeit\" \/>\n\t<meta name=\"twitter:data1\" content=\"2\u00a0Minuten\" \/>\n<script type=\"application\/ld+json\" class=\"yoast-schema-graph\">{\"@context\":\"https:\\\/\\\/schema.org\",\"@graph\":[{\"@type\":\"WebPage\",\"@id\":\"https:\\\/\\\/florianliermann.de\\\/\",\"url\":\"https:\\\/\\\/florianliermann.de\\\/\",\"name\":\"Home - Florian Liermann - Pianist\\\/Songwriter aus Essen-Stadtwald %\",\"isPartOf\":{\"@id\":\"https:\\\/\\\/florianliermann.de\\\/#website\"},\"primaryImageOfPage\":{\"@id\":\"https:\\\/\\\/florianliermann.de\\\/#primaryimage\"},\"image\":{\"@id\":\"https:\\\/\\\/florianliermann.de\\\/#primaryimage\"},\"thumbnailUrl\":\"https:\\\/\\\/florianliermann.de\\\/wp-content\\\/uploads\\\/2021\\\/08\\\/IMG-20210824-WA0000-683x1024.jpg\",\"datePublished\":\"2016-09-24T14:40:14+00:00\",\"dateModified\":\"2026-01-19T15:11:14+00:00\",\"description\":\"Mein Name ist Florian Liermann und ich bin Klavierlehrer aus Essen-Stadtwald in Modern, Jazz und Blues-Improvisation. Zudem k\u00f6nnt ihr mich als Pianist f\u00fcr eure Hochzeit buchen\",\"breadcrumb\":{\"@id\":\"https:\\\/\\\/florianliermann.de\\\/#breadcrumb\"},\"inLanguage\":\"de\",\"potentialAction\":[{\"@type\":\"ReadAction\",\"target\":[\"https:\\\/\\\/florianliermann.de\\\/\"]}]},{\"@type\":\"ImageObject\",\"inLanguage\":\"de\",\"@id\":\"https:\\\/\\\/florianliermann.de\\\/#primaryimage\",\"url\":\"https:\\\/\\\/florianliermann.de\\\/wp-content\\\/uploads\\\/2021\\\/08\\\/IMG-20210824-WA0000.jpg\",\"contentUrl\":\"https:\\\/\\\/florianliermann.de\\\/wp-content\\\/uploads\\\/2021\\\/08\\\/IMG-20210824-WA0000.jpg\",\"width\":724,\"height\":1086},{\"@type\":\"BreadcrumbList\",\"@id\":\"https:\\\/\\\/florianliermann.de\\\/#breadcrumb\",\"itemListElement\":[{\"@type\":\"ListItem\",\"position\":1,\"name\":\"Home\",\"item\":\"https:\\\/\\\/florianliermann.de\\\/\"},{\"@type\":\"ListItem\",\"position\":2,\"name\":\"Home\"}]},{\"@type\":\"WebSite\",\"@id\":\"https:\\\/\\\/florianliermann.de\\\/#website\",\"url\":\"https:\\\/\\\/florianliermann.de\\\/\",\"name\":\"Florian Liermann - Pianist\\\/Songwriter aus Essen-Stadtwald\",\"description\":\"\",\"publisher\":{\"@id\":\"https:\\\/\\\/florianliermann.de\\\/#organization\"},\"potentialAction\":[{\"@type\":\"SearchAction\",\"target\":{\"@type\":\"EntryPoint\",\"urlTemplate\":\"https:\\\/\\\/florianliermann.de\\\/?s={search_term_string}\"},\"query-input\":{\"@type\":\"PropertyValueSpecification\",\"valueRequired\":true,\"valueName\":\"search_term_string\"}}],\"inLanguage\":\"de\"},{\"@type\":\"Organization\",\"@id\":\"https:\\\/\\\/florianliermann.de\\\/#organization\",\"name\":\"Florian Liermann - Pianist\\\/Songwriter aus Essen-Stadtwald\",\"url\":\"https:\\\/\\\/florianliermann.de\\\/\",\"logo\":{\"@type\":\"ImageObject\",\"inLanguage\":\"de\",\"@id\":\"https:\\\/\\\/florianliermann.de\\\/#\\\/schema\\\/logo\\\/image\\\/\",\"url\":\"https:\\\/\\\/florianliermann.de\\\/wp-content\\\/uploads\\\/2020\\\/12\\\/cropped-logo-flo.png\",\"contentUrl\":\"https:\\\/\\\/florianliermann.de\\\/wp-content\\\/uploads\\\/2020\\\/12\\\/cropped-logo-flo.png\",\"width\":824,\"height\":473,\"caption\":\"Florian Liermann - Pianist\\\/Songwriter aus Essen-Stadtwald\"},\"image\":{\"@id\":\"https:\\\/\\\/florianliermann.de\\\/#\\\/schema\\\/logo\\\/image\\\/\"}}]}<\/script>\n<!-- \/ Yoast SEO plugin. -->","yoast_head_json":{"title":"Home - Florian Liermann - Pianist\/Songwriter aus Essen-Stadtwald %","description":"Mein Name ist Florian Liermann und ich bin Klavierlehrer aus Essen-Stadtwald in Modern, Jazz und Blues-Improvisation. Zudem k\u00f6nnt ihr mich als Pianist f\u00fcr eure Hochzeit buchen","robots":{"index":"index","follow":"follow","max-snippet":"max-snippet:-1","max-image-preview":"max-image-preview:large","max-video-preview":"max-video-preview:-1"},"canonical":"https:\/\/florianliermann.de\/","og_locale":"de_DE","og_type":"article","og_title":"Home - Florian Liermann - Pianist\/Songwriter aus Essen-Stadtwald %","og_description":"Mein Name ist Florian Liermann und ich bin Klavierlehrer aus Essen-Stadtwald in Modern, Jazz und Blues-Improvisation. Zudem k\u00f6nnt ihr mich als Pianist f\u00fcr eure Hochzeit buchen","og_url":"https:\/\/florianliermann.de\/","og_site_name":"Florian Liermann - Pianist\/Songwriter aus Essen-Stadtwald","article_modified_time":"2026-01-19T15:11:14+00:00","og_image":[{"url":"https:\/\/florianliermann.de\/wp-content\/uploads\/2021\/08\/IMG-20210824-WA0000-683x1024.jpg","type":"","width":"","height":""}],"twitter_card":"summary_large_image","twitter_misc":{"Gesch\u00e4tzte Lesezeit":"2\u00a0Minuten"},"schema":{"@context":"https:\/\/schema.org","@graph":[{"@type":"WebPage","@id":"https:\/\/florianliermann.de\/","url":"https:\/\/florianliermann.de\/","name":"Home - Florian Liermann - Pianist\/Songwriter aus Essen-Stadtwald %","isPartOf":{"@id":"https:\/\/florianliermann.de\/#website"},"primaryImageOfPage":{"@id":"https:\/\/florianliermann.de\/#primaryimage"},"image":{"@id":"https:\/\/florianliermann.de\/#primaryimage"},"thumbnailUrl":"https:\/\/florianliermann.de\/wp-content\/uploads\/2021\/08\/IMG-20210824-WA0000-683x1024.jpg","datePublished":"2016-09-24T14:40:14+00:00","dateModified":"2026-01-19T15:11:14+00:00","description":"Mein Name ist Florian Liermann und ich bin Klavierlehrer aus Essen-Stadtwald in Modern, Jazz und Blues-Improvisation. Zudem k\u00f6nnt ihr mich als Pianist f\u00fcr eure Hochzeit buchen","breadcrumb":{"@id":"https:\/\/florianliermann.de\/#breadcrumb"},"inLanguage":"de","potentialAction":[{"@type":"ReadAction","target":["https:\/\/florianliermann.de\/"]}]},{"@type":"ImageObject","inLanguage":"de","@id":"https:\/\/florianliermann.de\/#primaryimage","url":"https:\/\/florianliermann.de\/wp-content\/uploads\/2021\/08\/IMG-20210824-WA0000.jpg","contentUrl":"https:\/\/florianliermann.de\/wp-content\/uploads\/2021\/08\/IMG-20210824-WA0000.jpg","width":724,"height":1086},{"@type":"BreadcrumbList","@id":"https:\/\/florianliermann.de\/#breadcrumb","itemListElement":[{"@type":"ListItem","position":1,"name":"Home","item":"https:\/\/florianliermann.de\/"},{"@type":"ListItem","position":2,"name":"Home"}]},{"@type":"WebSite","@id":"https:\/\/florianliermann.de\/#website","url":"https:\/\/florianliermann.de\/","name":"Florian Liermann - Pianist\/Songwriter aus Essen-Stadtwald","description":"","publisher":{"@id":"https:\/\/florianliermann.de\/#organization"},"potentialAction":[{"@type":"SearchAction","target":{"@type":"EntryPoint","urlTemplate":"https:\/\/florianliermann.de\/?s={search_term_string}"},"query-input":{"@type":"PropertyValueSpecification","valueRequired":true,"valueName":"search_term_string"}}],"inLanguage":"de"},{"@type":"Organization","@id":"https:\/\/florianliermann.de\/#organization","name":"Florian Liermann - Pianist\/Songwriter aus Essen-Stadtwald","url":"https:\/\/florianliermann.de\/","logo":{"@type":"ImageObject","inLanguage":"de","@id":"https:\/\/florianliermann.de\/#\/schema\/logo\/image\/","url":"https:\/\/florianliermann.de\/wp-content\/uploads\/2020\/12\/cropped-logo-flo.png","contentUrl":"https:\/\/florianliermann.de\/wp-content\/uploads\/2020\/12\/cropped-logo-flo.png","width":824,"height":473,"caption":"Florian Liermann - Pianist\/Songwriter aus Essen-Stadtwald"},"image":{"@id":"https:\/\/florianliermann.de\/#\/schema\/logo\/image\/"}}]}},"_links":{"self":[{"href":"https:\/\/florianliermann.de\/index.php\/wp-json\/wp\/v2\/pages\/355","targetHints":{"allow":["GET"]}}],"collection":[{"href":"https:\/\/florianliermann.de\/index.php\/wp-json\/wp\/v2\/pages"}],"about":[{"href":"https:\/\/florianliermann.de\/index.php\/wp-json\/wp\/v2\/types\/page"}],"author":[{"embeddable":true,"href":"https:\/\/florianliermann.de\/index.php\/wp-json\/wp\/v2\/users\/1"}],"replies":[{"embeddable":true,"href":"https:\/\/florianliermann.de\/index.php\/wp-json\/wp\/v2\/comments?post=355"}],"version-history":[{"count":80,"href":"https:\/\/florianliermann.de\/index.php\/wp-json\/wp\/v2\/pages\/355\/revisions"}],"predecessor-version":[{"id":1985,"href":"https:\/\/florianliermann.de\/index.php\/wp-json\/wp\/v2\/pages\/355\/revisions\/1985"}],"wp:attachment":[{"href":"https:\/\/florianliermann.de\/index.php\/wp-json\/wp\/v2\/media?parent=355"}],"curies":[{"name":"wp","href":"https:\/\/api.w.org\/{rel}","templated":true}]}}