{"id":901,"date":"2020-12-23T13:18:24","date_gmt":"2020-12-23T13:18:24","guid":{"rendered":"https:\/\/florianliermann.de\/?page_id=901"},"modified":"2025-10-25T21:22:58","modified_gmt":"2025-10-25T21:22:58","slug":"unterricht","status":"publish","type":"page","link":"https:\/\/florianliermann.de\/index.php\/unterricht\/","title":{"rendered":"Unterricht"},"content":{"rendered":"\t\t<div data-elementor-type=\"wp-page\" data-elementor-id=\"901\" class=\"elementor elementor-901\">\n\t\t\t\t\t\t<section class=\"elementor-section elementor-top-section elementor-element elementor-element-qod0lr5 elementor-section-boxed elementor-section-height-default elementor-section-height-default\" data-id=\"qod0lr5\" data-element_type=\"section\" data-e-type=\"section\">\n\t\t\t\t\t\t<div class=\"elementor-container elementor-column-gap-default\">\n\t\t\t\t\t<div class=\"elementor-column elementor-col-100 elementor-top-column elementor-element elementor-element-077q1uq\" data-id=\"077q1uq\" data-element_type=\"column\" data-e-type=\"column\">\n\t\t\t<div class=\"elementor-widget-wrap elementor-element-populated\">\n\t\t\t\t\t\t<div class=\"elementor-element elementor-element-ua4lgrm elementor-widget elementor-widget-heading\" data-id=\"ua4lgrm\" data-element_type=\"widget\" data-e-type=\"widget\" data-widget_type=\"heading.default\">\n\t\t\t\t<div class=\"elementor-widget-container\">\n\t\t\t\t\t<h1 class=\"elementor-heading-title elementor-size-default\">Klavierunterricht<\/h1>\t\t\t\t<\/div>\n\t\t\t\t<\/div>\n\t\t\t\t<div class=\"elementor-element elementor-element-4ebff1f elementor-widget elementor-widget-heading\" data-id=\"4ebff1f\" data-element_type=\"widget\" data-e-type=\"widget\" data-widget_type=\"heading.default\">\n\t\t\t\t<div class=\"elementor-widget-container\">\n\t\t\t\t\t<h3 class=\"elementor-heading-title elementor-size-default\">f\u00fcr Anf\u00e4nger und Fortgeschrittene aller Altersstufen<\/h3>\t\t\t\t<\/div>\n\t\t\t\t<\/div>\n\t\t\t\t<div class=\"elementor-element elementor-element-jigf8lk elementor-widget-divider--view-line elementor-widget elementor-widget-divider\" data-id=\"jigf8lk\" data-element_type=\"widget\" data-e-type=\"widget\" data-widget_type=\"divider.default\">\n\t\t\t\t<div class=\"elementor-widget-container\">\n\t\t\t\t\t\t\t<div class=\"elementor-divider\">\n\t\t\t<span class=\"elementor-divider-separator\">\n\t\t\t\t\t\t<\/span>\n\t\t<\/div>\n\t\t\t\t\t\t<\/div>\n\t\t\t\t<\/div>\n\t\t\t\t<div class=\"elementor-element elementor-element-e2f92c4 elementor-widget elementor-widget-image\" data-id=\"e2f92c4\" data-element_type=\"widget\" data-e-type=\"widget\" data-widget_type=\"image.default\">\n\t\t\t\t<div class=\"elementor-widget-container\">\n\t\t\t\t\t\t\t\t\t\t\t\t\t\t\t<img fetchpriority=\"high\" decoding=\"async\" width=\"1024\" height=\"683\" src=\"https:\/\/florianliermann.de\/wp-content\/uploads\/2021\/08\/IMG-20210824-WA0001-1024x683.jpg\" class=\"attachment-large size-large wp-image-1529\" alt=\"\" srcset=\"https:\/\/florianliermann.de\/wp-content\/uploads\/2021\/08\/IMG-20210824-WA0001-1024x683.jpg 1024w, https:\/\/florianliermann.de\/wp-content\/uploads\/2021\/08\/IMG-20210824-WA0001-300x200.jpg 300w, https:\/\/florianliermann.de\/wp-content\/uploads\/2021\/08\/IMG-20210824-WA0001-768x512.jpg 768w, https:\/\/florianliermann.de\/wp-content\/uploads\/2021\/08\/IMG-20210824-WA0001.jpg 1086w\" sizes=\"(max-width: 1024px) 100vw, 1024px\" \/>\t\t\t\t\t\t\t\t\t\t\t\t\t\t\t<\/div>\n\t\t\t\t<\/div>\n\t\t\t\t<div class=\"elementor-element elementor-element-r8gfymh elementor-widget elementor-widget-spacer\" data-id=\"r8gfymh\" data-element_type=\"widget\" data-e-type=\"widget\" data-widget_type=\"spacer.default\">\n\t\t\t\t<div class=\"elementor-widget-container\">\n\t\t\t\t\t\t\t<div class=\"elementor-spacer\">\n\t\t\t<div class=\"elementor-spacer-inner\"><\/div>\n\t\t<\/div>\n\t\t\t\t\t\t<\/div>\n\t\t\t\t<\/div>\n\t\t\t\t<div class=\"elementor-element elementor-element-i7fhzf9 elementor-widget elementor-widget-text-editor\" data-id=\"i7fhzf9\" data-element_type=\"widget\" data-e-type=\"widget\" data-widget_type=\"text-editor.default\">\n\t\t\t\t<div class=\"elementor-widget-container\">\n\t\t\t\t\t\t\t\t\t<p>Qualifizierter Klavierunterricht in Neukirchen-Vluyn und Umgebung f\u00fcr Jedermann bei Florian Liermann \u2013 Klavierlehrer und Pianist.\u00a0<\/p><p>Ob Anf\u00e4nger oder Fortgeschrittener, die Freude am Klavierspiel steht im Vordergrund meines Klavierunterrichts!\u00a0<\/p><p>Jeder Sch\u00fcler kann sein eigenes Lern- und \u00dcbetempo entsprechend seinen zeitlichen M\u00f6glichkeiten\u00a0<span style=\"font-family: 'Roboto Slab'; font-size: 15px; font-style: normal; font-variant-ligatures: normal; font-variant-caps: normal; font-weight: 400;\">\u00a0<\/span><span style=\"font-family: 'Roboto Slab'; font-size: 15px; font-style: normal; font-variant-ligatures: normal; font-variant-caps: normal; font-weight: 400;\">finden<\/span><span style=\"font-size: 15px;\">.<\/span><\/p>\t\t\t\t\t\t\t\t<\/div>\n\t\t\t\t<\/div>\n\t\t\t\t<div class=\"elementor-element elementor-element-54cf089 elementor-widget elementor-widget-heading\" data-id=\"54cf089\" data-element_type=\"widget\" data-e-type=\"widget\" data-widget_type=\"heading.default\">\n\t\t\t\t<div class=\"elementor-widget-container\">\n\t\t\t\t\t<h1 class=\"elementor-heading-title elementor-size-default\">Das bietet mein Klavierunterricht:<\/h1>\t\t\t\t<\/div>\n\t\t\t\t<\/div>\n\t\t\t\t<div class=\"elementor-element elementor-element-fdf7553 elementor-widget elementor-widget-text-editor\" data-id=\"fdf7553\" data-element_type=\"widget\" data-e-type=\"widget\" data-widget_type=\"text-editor.default\">\n\t\t\t\t<div class=\"elementor-widget-container\">\n\t\t\t\t\t\t\t\t\t<p>\u00a0<\/p><p>\u27a4\u00a0<span style=\"font-size: 15px;\">Die Grundlagen des Klavierspiels systematisch erlernen\u00a0<\/span><\/p><p>\u27a4 Bekannte Melodien aus Musicals, Filmmusik und Evergreens spielen\u00a0<\/p><p>\u27a4 Pop-St\u00fccke und Charthits spielen\u00a0<\/p><p>\u27a4\u00a0Improvisation erlernen\u00a0<\/p><p>\u27a4Akkordbegleitung\u00a0<\/p><p>Ich biete eine kostenlose Probestunde zum gegenseitigen Kennenlernen an.\u00a0<\/p><p>Kosten: 30,- \/ Stunde (Zeitstunde)<\/p><p><b>Kontakt\/Anmeldungen: Florian Liermann\u00a0<\/b><span style=\"font-family: 'Roboto Slab'; font-size: 15px; font-style: normal; font-variant-ligatures: normal; font-variant-caps: normal; font-weight: 400;\">01578 \/9080730<\/span><\/p>\t\t\t\t\t\t\t\t<\/div>\n\t\t\t\t<\/div>\n\t\t\t\t<div class=\"elementor-element elementor-element-17o73hd elementor-widget elementor-widget-spacer\" data-id=\"17o73hd\" data-element_type=\"widget\" data-e-type=\"widget\" data-widget_type=\"spacer.default\">\n\t\t\t\t<div class=\"elementor-widget-container\">\n\t\t\t\t\t\t\t<div class=\"elementor-spacer\">\n\t\t\t<div class=\"elementor-spacer-inner\"><\/div>\n\t\t<\/div>\n\t\t\t\t\t\t<\/div>\n\t\t\t\t<\/div>\n\t\t\t\t\t<\/div>\n\t\t<\/div>\n\t\t\t\t\t<\/div>\n\t\t<\/section>\n\t\t\t\t<section class=\"elementor-section elementor-top-section elementor-element elementor-element-ebf7934 elementor-section-boxed elementor-section-height-default elementor-section-height-default\" data-id=\"ebf7934\" data-element_type=\"section\" data-e-type=\"section\">\n\t\t\t\t\t\t<div class=\"elementor-container elementor-column-gap-default\">\n\t\t\t\t\t\t<\/div>\n\t\t<\/section>\n\t\t\t\t<\/div>\n\t\t","protected":false},"excerpt":{"rendered":"<p>Klavierunterricht f\u00fcr Anf\u00e4nger und Fortgeschrittene aller Altersstufen Qualifizierter Klavierunterricht in Neukirchen-Vluyn und Umgebung f\u00fcr Jedermann bei Florian Liermann \u2013 Klavierlehrer und Pianist.\u00a0 Ob Anf\u00e4nger oder Fortgeschrittener, die Freude am Klavierspiel steht im Vordergrund meines Klavierunterrichts!\u00a0 Jeder Sch\u00fcler kann sein eigenes Lern- und \u00dcbetempo entsprechend seinen zeitlichen M\u00f6glichkeiten\u00a0\u00a0finden. Das bietet mein Klavierunterricht: \u00a0 \u27a4\u00a0Die Grundlagen des [&hellip;]<\/p>\n","protected":false},"author":1,"featured_media":0,"parent":0,"menu_order":0,"comment_status":"closed","ping_status":"closed","template":"","meta":{"ocean_post_layout":"full-width","ocean_both_sidebars_style":"","ocean_both_sidebars_content_width":0,"ocean_both_sidebars_sidebars_width":0,"ocean_sidebar":"0","ocean_second_sidebar":"0","ocean_disable_margins":"enable","ocean_add_body_class":"","ocean_shortcode_before_top_bar":"","ocean_shortcode_after_top_bar":"","ocean_shortcode_before_header":"","ocean_shortcode_after_header":"","ocean_has_shortcode":"","ocean_shortcode_after_title":"","ocean_shortcode_before_footer_widgets":"","ocean_shortcode_after_footer_widgets":"","ocean_shortcode_before_footer_bottom":"","ocean_shortcode_after_footer_bottom":"","ocean_display_top_bar":"default","ocean_display_header":"default","ocean_header_style":"","ocean_center_header_left_menu":"0","ocean_custom_header_template":"0","ocean_custom_logo":0,"ocean_custom_retina_logo":0,"ocean_custom_logo_max_width":0,"ocean_custom_logo_tablet_max_width":0,"ocean_custom_logo_mobile_max_width":0,"ocean_custom_logo_max_height":0,"ocean_custom_logo_tablet_max_height":0,"ocean_custom_logo_mobile_max_height":0,"ocean_header_custom_menu":"0","ocean_menu_typo_font_family":"0","ocean_menu_typo_font_subset":"","ocean_menu_typo_font_size":0,"ocean_menu_typo_font_size_tablet":0,"ocean_menu_typo_font_size_mobile":0,"ocean_menu_typo_font_size_unit":"px","ocean_menu_typo_font_weight":"","ocean_menu_typo_font_weight_tablet":"","ocean_menu_typo_font_weight_mobile":"","ocean_menu_typo_transform":"","ocean_menu_typo_transform_tablet":"","ocean_menu_typo_transform_mobile":"","ocean_menu_typo_line_height":0,"ocean_menu_typo_line_height_tablet":0,"ocean_menu_typo_line_height_mobile":0,"ocean_menu_typo_line_height_unit":"","ocean_menu_typo_spacing":0,"ocean_menu_typo_spacing_tablet":0,"ocean_menu_typo_spacing_mobile":0,"ocean_menu_typo_spacing_unit":"","ocean_menu_link_color":"","ocean_menu_link_color_hover":"","ocean_menu_link_color_active":"","ocean_menu_link_background":"","ocean_menu_link_hover_background":"","ocean_menu_link_active_background":"","ocean_menu_social_links_bg":"","ocean_menu_social_hover_links_bg":"","ocean_menu_social_links_color":"","ocean_menu_social_hover_links_color":"","ocean_disable_title":"on","ocean_disable_heading":"default","ocean_post_title":"","ocean_post_subheading":"","ocean_post_title_style":"","ocean_post_title_background_color":"","ocean_post_title_background":0,"ocean_post_title_bg_image_position":"","ocean_post_title_bg_image_attachment":"","ocean_post_title_bg_image_repeat":"","ocean_post_title_bg_image_size":"","ocean_post_title_height":0,"ocean_post_title_bg_overlay":0.5,"ocean_post_title_bg_overlay_color":"","ocean_disable_breadcrumbs":"default","ocean_breadcrumbs_color":"","ocean_breadcrumbs_separator_color":"","ocean_breadcrumbs_links_color":"","ocean_breadcrumbs_links_hover_color":"","ocean_display_footer_widgets":"default","ocean_display_footer_bottom":"default","ocean_custom_footer_template":"0","footnotes":""},"class_list":["post-901","page","type-page","status-publish","hentry","entry"],"yoast_head":"<!-- This site is optimized with the Yoast SEO plugin v27.4 - https:\/\/yoast.com\/product\/yoast-seo-wordpress\/ -->\n<title>Unterricht - Florian Liermann - Pianist\/Songwriter aus Essen-Stadtwald<\/title>\n<meta name=\"description\" content=\"Mein Name ist Florian Liermann und ich Klavierlehrer in Modern, Jazz und Blues-Improvisation. Zudem k\u00f6nnt ihr mich als Pianist f\u00fcr eure Hochzeit buchen und ich mache eure\" \/>\n<meta name=\"robots\" content=\"index, follow, max-snippet:-1, max-image-preview:large, max-video-preview:-1\" \/>\n<link rel=\"canonical\" href=\"https:\/\/florianliermann.de\/index.php\/unterricht\/\" \/>\n<meta property=\"og:locale\" content=\"de_DE\" \/>\n<meta property=\"og:type\" content=\"article\" \/>\n<meta property=\"og:title\" content=\"Unterricht - Florian Liermann - Pianist\/Songwriter aus Essen-Stadtwald\" \/>\n<meta property=\"og:description\" content=\"Mein Name ist Florian Liermann und ich Klavierlehrer in Modern, Jazz und Blues-Improvisation. Zudem k\u00f6nnt ihr mich als Pianist f\u00fcr eure Hochzeit buchen und ich mache eure\" \/>\n<meta property=\"og:url\" content=\"https:\/\/florianliermann.de\/index.php\/unterricht\/\" \/>\n<meta property=\"og:site_name\" content=\"Florian Liermann - Pianist\/Songwriter aus Essen-Stadtwald\" \/>\n<meta property=\"article:modified_time\" content=\"2025-10-25T21:22:58+00:00\" \/>\n<meta property=\"og:image\" content=\"https:\/\/florianliermann.de\/wp-content\/uploads\/2021\/08\/IMG-20210824-WA0001.jpg\" \/>\n\t<meta property=\"og:image:width\" content=\"1086\" \/>\n\t<meta property=\"og:image:height\" content=\"724\" \/>\n\t<meta property=\"og:image:type\" content=\"image\/jpeg\" \/>\n<meta name=\"twitter:card\" content=\"summary_large_image\" \/>\n<meta name=\"twitter:label1\" content=\"Gesch\u00e4tzte Lesezeit\" \/>\n\t<meta name=\"twitter:data1\" content=\"1\u00a0Minute\" \/>\n<script type=\"application\/ld+json\" class=\"yoast-schema-graph\">{\"@context\":\"https:\\\/\\\/schema.org\",\"@graph\":[{\"@type\":\"WebPage\",\"@id\":\"https:\\\/\\\/florianliermann.de\\\/index.php\\\/unterricht\\\/\",\"url\":\"https:\\\/\\\/florianliermann.de\\\/index.php\\\/unterricht\\\/\",\"name\":\"Unterricht - Florian Liermann - Pianist\\\/Songwriter aus Essen-Stadtwald\",\"isPartOf\":{\"@id\":\"https:\\\/\\\/florianliermann.de\\\/#website\"},\"primaryImageOfPage\":{\"@id\":\"https:\\\/\\\/florianliermann.de\\\/index.php\\\/unterricht\\\/#primaryimage\"},\"image\":{\"@id\":\"https:\\\/\\\/florianliermann.de\\\/index.php\\\/unterricht\\\/#primaryimage\"},\"thumbnailUrl\":\"https:\\\/\\\/florianliermann.de\\\/wp-content\\\/uploads\\\/2021\\\/08\\\/IMG-20210824-WA0001-1024x683.jpg\",\"datePublished\":\"2020-12-23T13:18:24+00:00\",\"dateModified\":\"2025-10-25T21:22:58+00:00\",\"description\":\"Mein Name ist Florian Liermann und ich Klavierlehrer in Modern, Jazz und Blues-Improvisation. Zudem k\u00f6nnt ihr mich als Pianist f\u00fcr eure Hochzeit buchen und ich mache eure\",\"breadcrumb\":{\"@id\":\"https:\\\/\\\/florianliermann.de\\\/index.php\\\/unterricht\\\/#breadcrumb\"},\"inLanguage\":\"de\",\"potentialAction\":[{\"@type\":\"ReadAction\",\"target\":[\"https:\\\/\\\/florianliermann.de\\\/index.php\\\/unterricht\\\/\"]}]},{\"@type\":\"ImageObject\",\"inLanguage\":\"de\",\"@id\":\"https:\\\/\\\/florianliermann.de\\\/index.php\\\/unterricht\\\/#primaryimage\",\"url\":\"https:\\\/\\\/florianliermann.de\\\/wp-content\\\/uploads\\\/2021\\\/08\\\/IMG-20210824-WA0001.jpg\",\"contentUrl\":\"https:\\\/\\\/florianliermann.de\\\/wp-content\\\/uploads\\\/2021\\\/08\\\/IMG-20210824-WA0001.jpg\",\"width\":1086,\"height\":724},{\"@type\":\"BreadcrumbList\",\"@id\":\"https:\\\/\\\/florianliermann.de\\\/index.php\\\/unterricht\\\/#breadcrumb\",\"itemListElement\":[{\"@type\":\"ListItem\",\"position\":1,\"name\":\"Home\",\"item\":\"https:\\\/\\\/florianliermann.de\\\/\"},{\"@type\":\"ListItem\",\"position\":2,\"name\":\"Unterricht\"}]},{\"@type\":\"WebSite\",\"@id\":\"https:\\\/\\\/florianliermann.de\\\/#website\",\"url\":\"https:\\\/\\\/florianliermann.de\\\/\",\"name\":\"Florian Liermann - Pianist\\\/Songwriter aus Essen-Stadtwald\",\"description\":\"\",\"publisher\":{\"@id\":\"https:\\\/\\\/florianliermann.de\\\/#organization\"},\"potentialAction\":[{\"@type\":\"SearchAction\",\"target\":{\"@type\":\"EntryPoint\",\"urlTemplate\":\"https:\\\/\\\/florianliermann.de\\\/?s={search_term_string}\"},\"query-input\":{\"@type\":\"PropertyValueSpecification\",\"valueRequired\":true,\"valueName\":\"search_term_string\"}}],\"inLanguage\":\"de\"},{\"@type\":\"Organization\",\"@id\":\"https:\\\/\\\/florianliermann.de\\\/#organization\",\"name\":\"Florian Liermann - Pianist\\\/Songwriter aus Essen-Stadtwald\",\"url\":\"https:\\\/\\\/florianliermann.de\\\/\",\"logo\":{\"@type\":\"ImageObject\",\"inLanguage\":\"de\",\"@id\":\"https:\\\/\\\/florianliermann.de\\\/#\\\/schema\\\/logo\\\/image\\\/\",\"url\":\"https:\\\/\\\/florianliermann.de\\\/wp-content\\\/uploads\\\/2020\\\/12\\\/cropped-logo-flo.png\",\"contentUrl\":\"https:\\\/\\\/florianliermann.de\\\/wp-content\\\/uploads\\\/2020\\\/12\\\/cropped-logo-flo.png\",\"width\":824,\"height\":473,\"caption\":\"Florian Liermann - Pianist\\\/Songwriter aus Essen-Stadtwald\"},\"image\":{\"@id\":\"https:\\\/\\\/florianliermann.de\\\/#\\\/schema\\\/logo\\\/image\\\/\"}}]}<\/script>\n<!-- \/ Yoast SEO plugin. -->","yoast_head_json":{"title":"Unterricht - Florian Liermann - Pianist\/Songwriter aus Essen-Stadtwald","description":"Mein Name ist Florian Liermann und ich Klavierlehrer in Modern, Jazz und Blues-Improvisation. Zudem k\u00f6nnt ihr mich als Pianist f\u00fcr eure Hochzeit buchen und ich mache eure","robots":{"index":"index","follow":"follow","max-snippet":"max-snippet:-1","max-image-preview":"max-image-preview:large","max-video-preview":"max-video-preview:-1"},"canonical":"https:\/\/florianliermann.de\/index.php\/unterricht\/","og_locale":"de_DE","og_type":"article","og_title":"Unterricht - Florian Liermann - Pianist\/Songwriter aus Essen-Stadtwald","og_description":"Mein Name ist Florian Liermann und ich Klavierlehrer in Modern, Jazz und Blues-Improvisation. Zudem k\u00f6nnt ihr mich als Pianist f\u00fcr eure Hochzeit buchen und ich mache eure","og_url":"https:\/\/florianliermann.de\/index.php\/unterricht\/","og_site_name":"Florian Liermann - Pianist\/Songwriter aus Essen-Stadtwald","article_modified_time":"2025-10-25T21:22:58+00:00","og_image":[{"width":1086,"height":724,"url":"https:\/\/florianliermann.de\/wp-content\/uploads\/2021\/08\/IMG-20210824-WA0001.jpg","type":"image\/jpeg"}],"twitter_card":"summary_large_image","twitter_misc":{"Gesch\u00e4tzte Lesezeit":"1\u00a0Minute"},"schema":{"@context":"https:\/\/schema.org","@graph":[{"@type":"WebPage","@id":"https:\/\/florianliermann.de\/index.php\/unterricht\/","url":"https:\/\/florianliermann.de\/index.php\/unterricht\/","name":"Unterricht - Florian Liermann - Pianist\/Songwriter aus Essen-Stadtwald","isPartOf":{"@id":"https:\/\/florianliermann.de\/#website"},"primaryImageOfPage":{"@id":"https:\/\/florianliermann.de\/index.php\/unterricht\/#primaryimage"},"image":{"@id":"https:\/\/florianliermann.de\/index.php\/unterricht\/#primaryimage"},"thumbnailUrl":"https:\/\/florianliermann.de\/wp-content\/uploads\/2021\/08\/IMG-20210824-WA0001-1024x683.jpg","datePublished":"2020-12-23T13:18:24+00:00","dateModified":"2025-10-25T21:22:58+00:00","description":"Mein Name ist Florian Liermann und ich Klavierlehrer in Modern, Jazz und Blues-Improvisation. Zudem k\u00f6nnt ihr mich als Pianist f\u00fcr eure Hochzeit buchen und ich mache eure","breadcrumb":{"@id":"https:\/\/florianliermann.de\/index.php\/unterricht\/#breadcrumb"},"inLanguage":"de","potentialAction":[{"@type":"ReadAction","target":["https:\/\/florianliermann.de\/index.php\/unterricht\/"]}]},{"@type":"ImageObject","inLanguage":"de","@id":"https:\/\/florianliermann.de\/index.php\/unterricht\/#primaryimage","url":"https:\/\/florianliermann.de\/wp-content\/uploads\/2021\/08\/IMG-20210824-WA0001.jpg","contentUrl":"https:\/\/florianliermann.de\/wp-content\/uploads\/2021\/08\/IMG-20210824-WA0001.jpg","width":1086,"height":724},{"@type":"BreadcrumbList","@id":"https:\/\/florianliermann.de\/index.php\/unterricht\/#breadcrumb","itemListElement":[{"@type":"ListItem","position":1,"name":"Home","item":"https:\/\/florianliermann.de\/"},{"@type":"ListItem","position":2,"name":"Unterricht"}]},{"@type":"WebSite","@id":"https:\/\/florianliermann.de\/#website","url":"https:\/\/florianliermann.de\/","name":"Florian Liermann - Pianist\/Songwriter aus Essen-Stadtwald","description":"","publisher":{"@id":"https:\/\/florianliermann.de\/#organization"},"potentialAction":[{"@type":"SearchAction","target":{"@type":"EntryPoint","urlTemplate":"https:\/\/florianliermann.de\/?s={search_term_string}"},"query-input":{"@type":"PropertyValueSpecification","valueRequired":true,"valueName":"search_term_string"}}],"inLanguage":"de"},{"@type":"Organization","@id":"https:\/\/florianliermann.de\/#organization","name":"Florian Liermann - Pianist\/Songwriter aus Essen-Stadtwald","url":"https:\/\/florianliermann.de\/","logo":{"@type":"ImageObject","inLanguage":"de","@id":"https:\/\/florianliermann.de\/#\/schema\/logo\/image\/","url":"https:\/\/florianliermann.de\/wp-content\/uploads\/2020\/12\/cropped-logo-flo.png","contentUrl":"https:\/\/florianliermann.de\/wp-content\/uploads\/2020\/12\/cropped-logo-flo.png","width":824,"height":473,"caption":"Florian Liermann - Pianist\/Songwriter aus Essen-Stadtwald"},"image":{"@id":"https:\/\/florianliermann.de\/#\/schema\/logo\/image\/"}}]}},"_links":{"self":[{"href":"https:\/\/florianliermann.de\/index.php\/wp-json\/wp\/v2\/pages\/901","targetHints":{"allow":["GET"]}}],"collection":[{"href":"https:\/\/florianliermann.de\/index.php\/wp-json\/wp\/v2\/pages"}],"about":[{"href":"https:\/\/florianliermann.de\/index.php\/wp-json\/wp\/v2\/types\/page"}],"author":[{"embeddable":true,"href":"https:\/\/florianliermann.de\/index.php\/wp-json\/wp\/v2\/users\/1"}],"replies":[{"embeddable":true,"href":"https:\/\/florianliermann.de\/index.php\/wp-json\/wp\/v2\/comments?post=901"}],"version-history":[{"count":53,"href":"https:\/\/florianliermann.de\/index.php\/wp-json\/wp\/v2\/pages\/901\/revisions"}],"predecessor-version":[{"id":1968,"href":"https:\/\/florianliermann.de\/index.php\/wp-json\/wp\/v2\/pages\/901\/revisions\/1968"}],"wp:attachment":[{"href":"https:\/\/florianliermann.de\/index.php\/wp-json\/wp\/v2\/media?parent=901"}],"curies":[{"name":"wp","href":"https:\/\/api.w.org\/{rel}","templated":true}]}}