{"id":919,"date":"2020-12-23T13:31:52","date_gmt":"2020-12-23T13:31:52","guid":{"rendered":"https:\/\/florianliermann.de\/?page_id=919"},"modified":"2026-01-19T14:57:39","modified_gmt":"2026-01-19T14:57:39","slug":"uebermich","status":"publish","type":"page","link":"https:\/\/florianliermann.de\/index.php\/uebermich\/","title":{"rendered":"\u00dcber mich"},"content":{"rendered":"\t\t<div data-elementor-type=\"wp-page\" data-elementor-id=\"919\" class=\"elementor elementor-919\">\n\t\t\t\t\t\t<section class=\"elementor-section elementor-top-section elementor-element elementor-element-qod0lr5 elementor-section-boxed elementor-section-height-default elementor-section-height-default\" data-id=\"qod0lr5\" data-element_type=\"section\" data-e-type=\"section\">\n\t\t\t\t\t\t<div class=\"elementor-container elementor-column-gap-default\">\n\t\t\t\t\t<div class=\"elementor-column elementor-col-100 elementor-top-column elementor-element elementor-element-077q1uq\" data-id=\"077q1uq\" data-element_type=\"column\" data-e-type=\"column\">\n\t\t\t<div class=\"elementor-widget-wrap elementor-element-populated\">\n\t\t\t\t\t\t<div class=\"elementor-element elementor-element-ua4lgrm elementor-widget elementor-widget-heading\" data-id=\"ua4lgrm\" data-element_type=\"widget\" data-e-type=\"widget\" data-widget_type=\"heading.default\">\n\t\t\t\t<div class=\"elementor-widget-container\">\n\t\t\t\t\t<h1 class=\"elementor-heading-title elementor-size-default\">\u00dcber mich<\/h1>\t\t\t\t<\/div>\n\t\t\t\t<\/div>\n\t\t\t\t<div class=\"elementor-element elementor-element-jigf8lk elementor-widget-divider--view-line elementor-widget elementor-widget-divider\" data-id=\"jigf8lk\" data-element_type=\"widget\" data-e-type=\"widget\" data-widget_type=\"divider.default\">\n\t\t\t\t<div class=\"elementor-widget-container\">\n\t\t\t\t\t\t\t<div class=\"elementor-divider\">\n\t\t\t<span class=\"elementor-divider-separator\">\n\t\t\t\t\t\t<\/span>\n\t\t<\/div>\n\t\t\t\t\t\t<\/div>\n\t\t\t\t<\/div>\n\t\t\t\t<div class=\"elementor-element elementor-element-e2f92c4 elementor-widget elementor-widget-image\" data-id=\"e2f92c4\" data-element_type=\"widget\" data-e-type=\"widget\" data-widget_type=\"image.default\">\n\t\t\t\t<div class=\"elementor-widget-container\">\n\t\t\t\t\t\t\t\t\t\t\t\t\t\t\t<img fetchpriority=\"high\" decoding=\"async\" width=\"768\" height=\"1024\" src=\"https:\/\/florianliermann.de\/wp-content\/uploads\/2022\/11\/IMG-20220626-WA0012-768x1024.jpg\" class=\"attachment-large size-large wp-image-1645\" alt=\"\" srcset=\"https:\/\/florianliermann.de\/wp-content\/uploads\/2022\/11\/IMG-20220626-WA0012-768x1024.jpg 768w, https:\/\/florianliermann.de\/wp-content\/uploads\/2022\/11\/IMG-20220626-WA0012-225x300.jpg 225w, https:\/\/florianliermann.de\/wp-content\/uploads\/2022\/11\/IMG-20220626-WA0012-1152x1536.jpg 1152w, https:\/\/florianliermann.de\/wp-content\/uploads\/2022\/11\/IMG-20220626-WA0012.jpg 1536w\" sizes=\"(max-width: 768px) 100vw, 768px\" \/>\t\t\t\t\t\t\t\t\t\t\t\t\t\t\t<\/div>\n\t\t\t\t<\/div>\n\t\t\t\t<div class=\"elementor-element elementor-element-r8gfymh elementor-widget elementor-widget-spacer\" data-id=\"r8gfymh\" data-element_type=\"widget\" data-e-type=\"widget\" data-widget_type=\"spacer.default\">\n\t\t\t\t<div class=\"elementor-widget-container\">\n\t\t\t\t\t\t\t<div class=\"elementor-spacer\">\n\t\t\t<div class=\"elementor-spacer-inner\"><\/div>\n\t\t<\/div>\n\t\t\t\t\t\t<\/div>\n\t\t\t\t<\/div>\n\t\t\t\t<div class=\"elementor-element elementor-element-i7fhzf9 elementor-widget elementor-widget-text-editor\" data-id=\"i7fhzf9\" data-element_type=\"widget\" data-e-type=\"widget\" data-widget_type=\"text-editor.default\">\n\t\t\t\t<div class=\"elementor-widget-container\">\n\t\t\t\t\t\t\t\t\t<div><div><p>Ich hei\u00dfe Florian Liermann, wohnhaft in Essen-Stadtwald und bin Jahrgang 1995. Schon seit meiner Kindheit spiele ich leidenschaftlich gerne Klavier.<br \/>Nach einer 4-j\u00e4hrigen klassischen Ausbildung habe ich drei weitere Jahre Improvisationsschulung im Bereich Pop, Blues, Jazz, Bossa Nova und Ragtime erhalten.<\/p><p>Seit einigen Jahren begleite ich auch verschiedene S\u00e4nger:innen und Musiker.<\/p><p><span style=\"font-size: 15px;\">Gerade bei einer Hochzeit ist Livemusik am Klavier immer ein ganz besonderes Highlight &#8211;\u00a0 ob bei der Trauung selbst, beim Sektempfang oder dezent im Hintergrund beim Essen. Bei der ersten Wedding Family Messe auf Rittergut Orr durfte ich als Pianist f\u00fcr emotionale Momente sorgen.<\/span><\/p><\/div><\/div><div data-mkd-parallax-speed=\"1\"><div><div data-animation=\"mkd-element-from-bottom\"><div><div><div><span style=\"font-size: 15px;\">2019 habe ich begonnen, auch eigene Songs zu komponieren. Zuerst nur instrumentale Lieder, mittlerweile habe ich auch das <\/span><span style=\"font-family: 'Roboto Slab'; font-size: 15px; font-style: normal; font-variant-ligatures: normal; font-variant-caps: normal; font-weight: 400;\">Songwriting f\u00fcr mich entdeckt und bereits einige Auftritte auf diversen Kleinkunstb\u00fchnen im Bereich Musik-Comedy bestritten.<\/span><\/div><\/div><\/div><\/div><\/div><\/div><p>2022 habe ich mein eigenes Soloprogramm geschrieben und bin daher bisher 2x aufgetreten in Essen. Weitere Auftritte sind geplant.<\/p><p><span style=\"font-size: 15px;\">Meine Leidenschaft m\u00f6chte ich auch gerne anderen Menschen vermitteln. Als Klavierlehrer bringe ich allen Altersklassen\u00a0<\/span><span style=\"font-size: 15px;\">das Klavierspielen bei. Aber auch bei diversen Auftritten in Kliniken konnte ich vermitteln, wie wohltuend Klaviermusik ist.<\/span><\/p><p>Die Tasten sagen oft mehr als Worte. Und so versuche ich immer, meine Emotion in mein Klavierspiel zu legen, um andere Menschen damit zu erreichen.<\/p><p><span style=\"font-size: 15px;\">In meinem <a href=\"https:\/\/www.instagram.com\/florian.liermann\/\" target=\"_blank\" rel=\"noopener\">Instagram-Kanal<\/a> k\u00f6nnt Ihr immer auf dem Laufenden bleiben.<\/span><\/p><p><span style=\"font-size: 15px;\">Wenn Ihr Interesse an <a href=\"https:\/\/florianliermann.de\/index.php\/hoerproben\/\">Noten und Vollversionen meiner Instrumentalst\u00fccke<\/a> habt, schreibt mich gerne an.<\/span><\/p>\t\t\t\t\t\t\t\t<\/div>\n\t\t\t\t<\/div>\n\t\t\t\t\t<\/div>\n\t\t<\/div>\n\t\t\t\t\t<\/div>\n\t\t<\/section>\n\t\t\t\t<section class=\"elementor-section elementor-top-section elementor-element elementor-element-023f427 elementor-section-boxed elementor-section-height-default elementor-section-height-default\" data-id=\"023f427\" data-element_type=\"section\" data-e-type=\"section\">\n\t\t\t\t\t\t<div class=\"elementor-container elementor-column-gap-default\">\n\t\t\t\t\t<div class=\"elementor-column elementor-col-100 elementor-top-column elementor-element elementor-element-b0abe5c\" data-id=\"b0abe5c\" data-element_type=\"column\" data-e-type=\"column\">\n\t\t\t<div class=\"elementor-widget-wrap elementor-element-populated\">\n\t\t\t\t\t\t<div class=\"elementor-element elementor-element-11a8674 elementor-widget elementor-widget-toggle\" data-id=\"11a8674\" data-element_type=\"widget\" data-e-type=\"widget\" data-widget_type=\"toggle.default\">\n\t\t\t\t<div class=\"elementor-widget-container\">\n\t\t\t\t\t\t\t<div class=\"elementor-toggle\">\n\t\t\t\t\t\t\t<div class=\"elementor-toggle-item\">\n\t\t\t\t\t<div id=\"elementor-tab-title-1851\" class=\"elementor-tab-title\" data-tab=\"1\" role=\"button\" aria-controls=\"elementor-tab-content-1851\" aria-expanded=\"false\">\n\t\t\t\t\t\t\t\t\t\t\t\t<span class=\"elementor-toggle-icon elementor-toggle-icon-left\" aria-hidden=\"true\">\n\t\t\t\t\t\t\t\t\t\t\t\t\t\t\t<span class=\"elementor-toggle-icon-closed\"><i class=\"fas fa-caret-right\"><\/i><\/span>\n\t\t\t\t\t\t\t\t<span class=\"elementor-toggle-icon-opened\"><i class=\"elementor-toggle-icon-opened fas fa-caret-up\"><\/i><\/span>\n\t\t\t\t\t\t\t\t\t\t\t\t\t<\/span>\n\t\t\t\t\t\t\t\t\t\t\t\t<a class=\"elementor-toggle-title\" tabindex=\"0\">Kann man Dich auch buchen, wenn kein Klavier zur Verf\u00fcgung steht ?<\/a>\n\t\t\t\t\t<\/div>\n\n\t\t\t\t\t<div id=\"elementor-tab-content-1851\" class=\"elementor-tab-content elementor-clearfix\" data-tab=\"1\" role=\"region\" aria-labelledby=\"elementor-tab-title-1851\"><p>Ja, ich bringe gerne mein E-Piano mit.<\/p><\/div>\n\t\t\t\t<\/div>\n\t\t\t\t\t\t\t<div class=\"elementor-toggle-item\">\n\t\t\t\t\t<div id=\"elementor-tab-title-1852\" class=\"elementor-tab-title\" data-tab=\"2\" role=\"button\" aria-controls=\"elementor-tab-content-1852\" aria-expanded=\"false\">\n\t\t\t\t\t\t\t\t\t\t\t\t<span class=\"elementor-toggle-icon elementor-toggle-icon-left\" aria-hidden=\"true\">\n\t\t\t\t\t\t\t\t\t\t\t\t\t\t\t<span class=\"elementor-toggle-icon-closed\"><i class=\"fas fa-caret-right\"><\/i><\/span>\n\t\t\t\t\t\t\t\t<span class=\"elementor-toggle-icon-opened\"><i class=\"elementor-toggle-icon-opened fas fa-caret-up\"><\/i><\/span>\n\t\t\t\t\t\t\t\t\t\t\t\t\t<\/span>\n\t\t\t\t\t\t\t\t\t\t\t\t<a class=\"elementor-toggle-title\" tabindex=\"0\">Kannst du unser Wunschlied einstudieren ?<\/a>\n\t\t\t\t\t<\/div>\n\n\t\t\t\t\t<div id=\"elementor-tab-content-1852\" class=\"elementor-tab-content elementor-clearfix\" data-tab=\"2\" role=\"region\" aria-labelledby=\"elementor-tab-title-1852\"><p>Ja, gerne studiere ich auch Euer Wunschlied ein.<\/p><\/div>\n\t\t\t\t<\/div>\n\t\t\t\t\t\t\t<div class=\"elementor-toggle-item\">\n\t\t\t\t\t<div id=\"elementor-tab-title-1853\" class=\"elementor-tab-title\" data-tab=\"3\" role=\"button\" aria-controls=\"elementor-tab-content-1853\" aria-expanded=\"false\">\n\t\t\t\t\t\t\t\t\t\t\t\t<span class=\"elementor-toggle-icon elementor-toggle-icon-left\" aria-hidden=\"true\">\n\t\t\t\t\t\t\t\t\t\t\t\t\t\t\t<span class=\"elementor-toggle-icon-closed\"><i class=\"fas fa-caret-right\"><\/i><\/span>\n\t\t\t\t\t\t\t\t<span class=\"elementor-toggle-icon-opened\"><i class=\"elementor-toggle-icon-opened fas fa-caret-up\"><\/i><\/span>\n\t\t\t\t\t\t\t\t\t\t\t\t\t<\/span>\n\t\t\t\t\t\t\t\t\t\t\t\t<a class=\"elementor-toggle-title\" tabindex=\"0\">Singst Du auch?<\/a>\n\t\t\t\t\t<\/div>\n\n\t\t\t\t\t<div id=\"elementor-tab-content-1853\" class=\"elementor-tab-content elementor-clearfix\" data-tab=\"3\" role=\"region\" aria-labelledby=\"elementor-tab-title-1853\"><p><b><\/b>Ja, allerdings bewege ich mich mit meinem Gesang im Bereich der Musik-Comedy. <br \/>F\u00fcr Hochzeiten und andere Events arbeite ich u.a. als Duo mit Vicky Schlosser zusammen (\u00dcber H\u00f6rproben kann man ein Einblick sehen).<b><\/b><\/p><\/div>\n\t\t\t\t<\/div>\n\t\t\t\t\t\t\t<div class=\"elementor-toggle-item\">\n\t\t\t\t\t<div id=\"elementor-tab-title-1854\" class=\"elementor-tab-title\" data-tab=\"4\" role=\"button\" aria-controls=\"elementor-tab-content-1854\" aria-expanded=\"false\">\n\t\t\t\t\t\t\t\t\t\t\t\t<span class=\"elementor-toggle-icon elementor-toggle-icon-left\" aria-hidden=\"true\">\n\t\t\t\t\t\t\t\t\t\t\t\t\t\t\t<span class=\"elementor-toggle-icon-closed\"><i class=\"fas fa-caret-right\"><\/i><\/span>\n\t\t\t\t\t\t\t\t<span class=\"elementor-toggle-icon-opened\"><i class=\"elementor-toggle-icon-opened fas fa-caret-up\"><\/i><\/span>\n\t\t\t\t\t\t\t\t\t\t\t\t\t<\/span>\n\t\t\t\t\t\t\t\t\t\t\t\t<a class=\"elementor-toggle-title\" tabindex=\"0\">Kannst du uns bei der musikalischen Gestaltung unseres Events helfen ?<\/a>\n\t\t\t\t\t<\/div>\n\n\t\t\t\t\t<div id=\"elementor-tab-content-1854\" class=\"elementor-tab-content elementor-clearfix\" data-tab=\"4\" role=\"region\" aria-labelledby=\"elementor-tab-title-1854\"><p>Ja, bei Bedarf vermittle ich einen \u201cDJ\u201d oder eine \u201cLive-Band\u201d.<b><\/b><\/p><\/div>\n\t\t\t\t<\/div>\n\t\t\t\t\t\t\t<div class=\"elementor-toggle-item\">\n\t\t\t\t\t<div id=\"elementor-tab-title-1855\" class=\"elementor-tab-title\" data-tab=\"5\" role=\"button\" aria-controls=\"elementor-tab-content-1855\" aria-expanded=\"false\">\n\t\t\t\t\t\t\t\t\t\t\t\t<span class=\"elementor-toggle-icon elementor-toggle-icon-left\" aria-hidden=\"true\">\n\t\t\t\t\t\t\t\t\t\t\t\t\t\t\t<span class=\"elementor-toggle-icon-closed\"><i class=\"fas fa-caret-right\"><\/i><\/span>\n\t\t\t\t\t\t\t\t<span class=\"elementor-toggle-icon-opened\"><i class=\"elementor-toggle-icon-opened fas fa-caret-up\"><\/i><\/span>\n\t\t\t\t\t\t\t\t\t\t\t\t\t<\/span>\n\t\t\t\t\t\t\t\t\t\t\t\t<a class=\"elementor-toggle-title\" tabindex=\"0\">Kann man Deine Jingles auch k\u00e4uflich erwerben?<\/a>\n\t\t\t\t\t<\/div>\n\n\t\t\t\t\t<div id=\"elementor-tab-content-1855\" class=\"elementor-tab-content elementor-clearfix\" data-tab=\"5\" role=\"region\" aria-labelledby=\"elementor-tab-title-1855\"><p>Ja, sehr gerne! Schreibt mir einfach, wenn ihr ein ganz pers\u00f6nliches Jingle braucht.<\/p><\/div>\n\t\t\t\t<\/div>\n\t\t\t\t\t\t\t\t<\/div>\n\t\t\t\t\t\t<\/div>\n\t\t\t\t<\/div>\n\t\t\t\t\t<\/div>\n\t\t<\/div>\n\t\t\t\t\t<\/div>\n\t\t<\/section>\n\t\t\t\t<\/div>\n\t\t","protected":false},"excerpt":{"rendered":"<p>\u00dcber mich Ich hei\u00dfe Florian Liermann, wohnhaft in Essen-Stadtwald und bin Jahrgang 1995. Schon seit meiner Kindheit spiele ich leidenschaftlich gerne Klavier.Nach einer 4-j\u00e4hrigen klassischen Ausbildung habe ich drei weitere Jahre Improvisationsschulung im Bereich Pop, Blues, Jazz, Bossa Nova und Ragtime erhalten. Seit einigen Jahren begleite ich auch verschiedene S\u00e4nger:innen und Musiker. Gerade bei einer [&hellip;]<\/p>\n","protected":false},"author":1,"featured_media":0,"parent":0,"menu_order":0,"comment_status":"closed","ping_status":"closed","template":"","meta":{"ocean_post_layout":"full-width","ocean_both_sidebars_style":"","ocean_both_sidebars_content_width":0,"ocean_both_sidebars_sidebars_width":0,"ocean_sidebar":"0","ocean_second_sidebar":"0","ocean_disable_margins":"enable","ocean_add_body_class":"","ocean_shortcode_before_top_bar":"","ocean_shortcode_after_top_bar":"","ocean_shortcode_before_header":"","ocean_shortcode_after_header":"","ocean_has_shortcode":"","ocean_shortcode_after_title":"","ocean_shortcode_before_footer_widgets":"","ocean_shortcode_after_footer_widgets":"","ocean_shortcode_before_footer_bottom":"","ocean_shortcode_after_footer_bottom":"","ocean_display_top_bar":"default","ocean_display_header":"default","ocean_header_style":"","ocean_center_header_left_menu":"0","ocean_custom_header_template":"0","ocean_custom_logo":0,"ocean_custom_retina_logo":0,"ocean_custom_logo_max_width":0,"ocean_custom_logo_tablet_max_width":0,"ocean_custom_logo_mobile_max_width":0,"ocean_custom_logo_max_height":0,"ocean_custom_logo_tablet_max_height":0,"ocean_custom_logo_mobile_max_height":0,"ocean_header_custom_menu":"0","ocean_menu_typo_font_family":"0","ocean_menu_typo_font_subset":"","ocean_menu_typo_font_size":0,"ocean_menu_typo_font_size_tablet":0,"ocean_menu_typo_font_size_mobile":0,"ocean_menu_typo_font_size_unit":"px","ocean_menu_typo_font_weight":"","ocean_menu_typo_font_weight_tablet":"","ocean_menu_typo_font_weight_mobile":"","ocean_menu_typo_transform":"","ocean_menu_typo_transform_tablet":"","ocean_menu_typo_transform_mobile":"","ocean_menu_typo_line_height":0,"ocean_menu_typo_line_height_tablet":0,"ocean_menu_typo_line_height_mobile":0,"ocean_menu_typo_line_height_unit":"","ocean_menu_typo_spacing":0,"ocean_menu_typo_spacing_tablet":0,"ocean_menu_typo_spacing_mobile":0,"ocean_menu_typo_spacing_unit":"","ocean_menu_link_color":"","ocean_menu_link_color_hover":"","ocean_menu_link_color_active":"","ocean_menu_link_background":"","ocean_menu_link_hover_background":"","ocean_menu_link_active_background":"","ocean_menu_social_links_bg":"","ocean_menu_social_hover_links_bg":"","ocean_menu_social_links_color":"","ocean_menu_social_hover_links_color":"","ocean_disable_title":"on","ocean_disable_heading":"default","ocean_post_title":"","ocean_post_subheading":"","ocean_post_title_style":"","ocean_post_title_background_color":"","ocean_post_title_background":0,"ocean_post_title_bg_image_position":"","ocean_post_title_bg_image_attachment":"","ocean_post_title_bg_image_repeat":"","ocean_post_title_bg_image_size":"","ocean_post_title_height":0,"ocean_post_title_bg_overlay":0.5,"ocean_post_title_bg_overlay_color":"","ocean_disable_breadcrumbs":"default","ocean_breadcrumbs_color":"","ocean_breadcrumbs_separator_color":"","ocean_breadcrumbs_links_color":"","ocean_breadcrumbs_links_hover_color":"","ocean_display_footer_widgets":"default","ocean_display_footer_bottom":"default","ocean_custom_footer_template":"0","footnotes":""},"class_list":["post-919","page","type-page","status-publish","hentry","entry"],"yoast_head":"<!-- This site is optimized with the Yoast SEO plugin v27.4 - https:\/\/yoast.com\/product\/yoast-seo-wordpress\/ -->\n<title>\u00dcber mich - Florian Liermann - Pianist\/Songwriter aus Essen-Stadtwald<\/title>\n<meta name=\"robots\" content=\"index, follow, max-snippet:-1, max-image-preview:large, max-video-preview:-1\" \/>\n<link rel=\"canonical\" href=\"https:\/\/florianliermann.de\/index.php\/uebermich\/\" \/>\n<meta property=\"og:locale\" content=\"de_DE\" \/>\n<meta property=\"og:type\" content=\"article\" \/>\n<meta property=\"og:title\" content=\"\u00dcber mich - Florian Liermann - Pianist\/Songwriter aus Essen-Stadtwald\" \/>\n<meta property=\"og:description\" content=\"\u00dcber mich Ich hei\u00dfe Florian Liermann, wohnhaft in Essen-Stadtwald und bin Jahrgang 1995. Schon seit meiner Kindheit spiele ich leidenschaftlich gerne Klavier.Nach einer 4-j\u00e4hrigen klassischen Ausbildung habe ich drei weitere Jahre Improvisationsschulung im Bereich Pop, Blues, Jazz, Bossa Nova und Ragtime erhalten. Seit einigen Jahren begleite ich auch verschiedene S\u00e4nger:innen und Musiker. Gerade bei einer [&hellip;]\" \/>\n<meta property=\"og:url\" content=\"https:\/\/florianliermann.de\/index.php\/uebermich\/\" \/>\n<meta property=\"og:site_name\" content=\"Florian Liermann - Pianist\/Songwriter aus Essen-Stadtwald\" \/>\n<meta property=\"article:modified_time\" content=\"2026-01-19T14:57:39+00:00\" \/>\n<meta property=\"og:image\" content=\"https:\/\/florianliermann.de\/wp-content\/uploads\/2022\/11\/IMG-20220626-WA0012.jpg\" \/>\n\t<meta property=\"og:image:width\" content=\"1536\" \/>\n\t<meta property=\"og:image:height\" content=\"2048\" \/>\n\t<meta property=\"og:image:type\" content=\"image\/jpeg\" \/>\n<meta name=\"twitter:card\" content=\"summary_large_image\" \/>\n<meta name=\"twitter:label1\" content=\"Gesch\u00e4tzte Lesezeit\" \/>\n\t<meta name=\"twitter:data1\" content=\"3\u00a0Minuten\" \/>\n<script type=\"application\/ld+json\" class=\"yoast-schema-graph\">{\"@context\":\"https:\\\/\\\/schema.org\",\"@graph\":[{\"@type\":\"WebPage\",\"@id\":\"https:\\\/\\\/florianliermann.de\\\/index.php\\\/uebermich\\\/\",\"url\":\"https:\\\/\\\/florianliermann.de\\\/index.php\\\/uebermich\\\/\",\"name\":\"\u00dcber mich - Florian Liermann - Pianist\\\/Songwriter aus Essen-Stadtwald\",\"isPartOf\":{\"@id\":\"https:\\\/\\\/florianliermann.de\\\/#website\"},\"primaryImageOfPage\":{\"@id\":\"https:\\\/\\\/florianliermann.de\\\/index.php\\\/uebermich\\\/#primaryimage\"},\"image\":{\"@id\":\"https:\\\/\\\/florianliermann.de\\\/index.php\\\/uebermich\\\/#primaryimage\"},\"thumbnailUrl\":\"https:\\\/\\\/florianliermann.de\\\/wp-content\\\/uploads\\\/2022\\\/11\\\/IMG-20220626-WA0012-768x1024.jpg\",\"datePublished\":\"2020-12-23T13:31:52+00:00\",\"dateModified\":\"2026-01-19T14:57:39+00:00\",\"breadcrumb\":{\"@id\":\"https:\\\/\\\/florianliermann.de\\\/index.php\\\/uebermich\\\/#breadcrumb\"},\"inLanguage\":\"de\",\"potentialAction\":[{\"@type\":\"ReadAction\",\"target\":[\"https:\\\/\\\/florianliermann.de\\\/index.php\\\/uebermich\\\/\"]}]},{\"@type\":\"ImageObject\",\"inLanguage\":\"de\",\"@id\":\"https:\\\/\\\/florianliermann.de\\\/index.php\\\/uebermich\\\/#primaryimage\",\"url\":\"https:\\\/\\\/florianliermann.de\\\/wp-content\\\/uploads\\\/2022\\\/11\\\/IMG-20220626-WA0012.jpg\",\"contentUrl\":\"https:\\\/\\\/florianliermann.de\\\/wp-content\\\/uploads\\\/2022\\\/11\\\/IMG-20220626-WA0012.jpg\",\"width\":1536,\"height\":2048},{\"@type\":\"BreadcrumbList\",\"@id\":\"https:\\\/\\\/florianliermann.de\\\/index.php\\\/uebermich\\\/#breadcrumb\",\"itemListElement\":[{\"@type\":\"ListItem\",\"position\":1,\"name\":\"Home\",\"item\":\"https:\\\/\\\/florianliermann.de\\\/\"},{\"@type\":\"ListItem\",\"position\":2,\"name\":\"\u00dcber mich\"}]},{\"@type\":\"WebSite\",\"@id\":\"https:\\\/\\\/florianliermann.de\\\/#website\",\"url\":\"https:\\\/\\\/florianliermann.de\\\/\",\"name\":\"Florian Liermann - Pianist\\\/Songwriter aus Essen-Stadtwald\",\"description\":\"\",\"publisher\":{\"@id\":\"https:\\\/\\\/florianliermann.de\\\/#organization\"},\"potentialAction\":[{\"@type\":\"SearchAction\",\"target\":{\"@type\":\"EntryPoint\",\"urlTemplate\":\"https:\\\/\\\/florianliermann.de\\\/?s={search_term_string}\"},\"query-input\":{\"@type\":\"PropertyValueSpecification\",\"valueRequired\":true,\"valueName\":\"search_term_string\"}}],\"inLanguage\":\"de\"},{\"@type\":\"Organization\",\"@id\":\"https:\\\/\\\/florianliermann.de\\\/#organization\",\"name\":\"Florian Liermann - Pianist\\\/Songwriter aus Essen-Stadtwald\",\"url\":\"https:\\\/\\\/florianliermann.de\\\/\",\"logo\":{\"@type\":\"ImageObject\",\"inLanguage\":\"de\",\"@id\":\"https:\\\/\\\/florianliermann.de\\\/#\\\/schema\\\/logo\\\/image\\\/\",\"url\":\"https:\\\/\\\/florianliermann.de\\\/wp-content\\\/uploads\\\/2020\\\/12\\\/cropped-logo-flo.png\",\"contentUrl\":\"https:\\\/\\\/florianliermann.de\\\/wp-content\\\/uploads\\\/2020\\\/12\\\/cropped-logo-flo.png\",\"width\":824,\"height\":473,\"caption\":\"Florian Liermann - Pianist\\\/Songwriter aus Essen-Stadtwald\"},\"image\":{\"@id\":\"https:\\\/\\\/florianliermann.de\\\/#\\\/schema\\\/logo\\\/image\\\/\"}}]}<\/script>\n<!-- \/ Yoast SEO plugin. -->","yoast_head_json":{"title":"\u00dcber mich - Florian Liermann - Pianist\/Songwriter aus Essen-Stadtwald","robots":{"index":"index","follow":"follow","max-snippet":"max-snippet:-1","max-image-preview":"max-image-preview:large","max-video-preview":"max-video-preview:-1"},"canonical":"https:\/\/florianliermann.de\/index.php\/uebermich\/","og_locale":"de_DE","og_type":"article","og_title":"\u00dcber mich - Florian Liermann - Pianist\/Songwriter aus Essen-Stadtwald","og_description":"\u00dcber mich Ich hei\u00dfe Florian Liermann, wohnhaft in Essen-Stadtwald und bin Jahrgang 1995. Schon seit meiner Kindheit spiele ich leidenschaftlich gerne Klavier.Nach einer 4-j\u00e4hrigen klassischen Ausbildung habe ich drei weitere Jahre Improvisationsschulung im Bereich Pop, Blues, Jazz, Bossa Nova und Ragtime erhalten. Seit einigen Jahren begleite ich auch verschiedene S\u00e4nger:innen und Musiker. Gerade bei einer [&hellip;]","og_url":"https:\/\/florianliermann.de\/index.php\/uebermich\/","og_site_name":"Florian Liermann - Pianist\/Songwriter aus Essen-Stadtwald","article_modified_time":"2026-01-19T14:57:39+00:00","og_image":[{"width":1536,"height":2048,"url":"https:\/\/florianliermann.de\/wp-content\/uploads\/2022\/11\/IMG-20220626-WA0012.jpg","type":"image\/jpeg"}],"twitter_card":"summary_large_image","twitter_misc":{"Gesch\u00e4tzte Lesezeit":"3\u00a0Minuten"},"schema":{"@context":"https:\/\/schema.org","@graph":[{"@type":"WebPage","@id":"https:\/\/florianliermann.de\/index.php\/uebermich\/","url":"https:\/\/florianliermann.de\/index.php\/uebermich\/","name":"\u00dcber mich - Florian Liermann - Pianist\/Songwriter aus Essen-Stadtwald","isPartOf":{"@id":"https:\/\/florianliermann.de\/#website"},"primaryImageOfPage":{"@id":"https:\/\/florianliermann.de\/index.php\/uebermich\/#primaryimage"},"image":{"@id":"https:\/\/florianliermann.de\/index.php\/uebermich\/#primaryimage"},"thumbnailUrl":"https:\/\/florianliermann.de\/wp-content\/uploads\/2022\/11\/IMG-20220626-WA0012-768x1024.jpg","datePublished":"2020-12-23T13:31:52+00:00","dateModified":"2026-01-19T14:57:39+00:00","breadcrumb":{"@id":"https:\/\/florianliermann.de\/index.php\/uebermich\/#breadcrumb"},"inLanguage":"de","potentialAction":[{"@type":"ReadAction","target":["https:\/\/florianliermann.de\/index.php\/uebermich\/"]}]},{"@type":"ImageObject","inLanguage":"de","@id":"https:\/\/florianliermann.de\/index.php\/uebermich\/#primaryimage","url":"https:\/\/florianliermann.de\/wp-content\/uploads\/2022\/11\/IMG-20220626-WA0012.jpg","contentUrl":"https:\/\/florianliermann.de\/wp-content\/uploads\/2022\/11\/IMG-20220626-WA0012.jpg","width":1536,"height":2048},{"@type":"BreadcrumbList","@id":"https:\/\/florianliermann.de\/index.php\/uebermich\/#breadcrumb","itemListElement":[{"@type":"ListItem","position":1,"name":"Home","item":"https:\/\/florianliermann.de\/"},{"@type":"ListItem","position":2,"name":"\u00dcber mich"}]},{"@type":"WebSite","@id":"https:\/\/florianliermann.de\/#website","url":"https:\/\/florianliermann.de\/","name":"Florian Liermann - Pianist\/Songwriter aus Essen-Stadtwald","description":"","publisher":{"@id":"https:\/\/florianliermann.de\/#organization"},"potentialAction":[{"@type":"SearchAction","target":{"@type":"EntryPoint","urlTemplate":"https:\/\/florianliermann.de\/?s={search_term_string}"},"query-input":{"@type":"PropertyValueSpecification","valueRequired":true,"valueName":"search_term_string"}}],"inLanguage":"de"},{"@type":"Organization","@id":"https:\/\/florianliermann.de\/#organization","name":"Florian Liermann - Pianist\/Songwriter aus Essen-Stadtwald","url":"https:\/\/florianliermann.de\/","logo":{"@type":"ImageObject","inLanguage":"de","@id":"https:\/\/florianliermann.de\/#\/schema\/logo\/image\/","url":"https:\/\/florianliermann.de\/wp-content\/uploads\/2020\/12\/cropped-logo-flo.png","contentUrl":"https:\/\/florianliermann.de\/wp-content\/uploads\/2020\/12\/cropped-logo-flo.png","width":824,"height":473,"caption":"Florian Liermann - Pianist\/Songwriter aus Essen-Stadtwald"},"image":{"@id":"https:\/\/florianliermann.de\/#\/schema\/logo\/image\/"}}]}},"_links":{"self":[{"href":"https:\/\/florianliermann.de\/index.php\/wp-json\/wp\/v2\/pages\/919","targetHints":{"allow":["GET"]}}],"collection":[{"href":"https:\/\/florianliermann.de\/index.php\/wp-json\/wp\/v2\/pages"}],"about":[{"href":"https:\/\/florianliermann.de\/index.php\/wp-json\/wp\/v2\/types\/page"}],"author":[{"embeddable":true,"href":"https:\/\/florianliermann.de\/index.php\/wp-json\/wp\/v2\/users\/1"}],"replies":[{"embeddable":true,"href":"https:\/\/florianliermann.de\/index.php\/wp-json\/wp\/v2\/comments?post=919"}],"version-history":[{"count":100,"href":"https:\/\/florianliermann.de\/index.php\/wp-json\/wp\/v2\/pages\/919\/revisions"}],"predecessor-version":[{"id":1984,"href":"https:\/\/florianliermann.de\/index.php\/wp-json\/wp\/v2\/pages\/919\/revisions\/1984"}],"wp:attachment":[{"href":"https:\/\/florianliermann.de\/index.php\/wp-json\/wp\/v2\/media?parent=919"}],"curies":[{"name":"wp","href":"https:\/\/api.w.org\/{rel}","templated":true}]}}